{"id":104487,"date":"2022-06-28T10:44:50","date_gmt":"2022-06-28T10:44:50","guid":{"rendered":"https:\/\/www.asufin.com\/?page_id=104487"},"modified":"2022-08-02T14:29:44","modified_gmt":"2022-08-02T14:29:44","slug":"proyectos-islas-baleares","status":"publish","type":"page","link":"https:\/\/staging.asufin.com\/staging\/proyectos-islas-baleares\/","title":{"rendered":"Proyectos Islas Baleares 22"},"content":{"rendered":"\t\t<div data-elementor-type=\"wp-page\" data-elementor-id=\"104487\" class=\"elementor elementor-104487\">\n\t\t\t\t\t\t<section class=\"elementor-section elementor-top-section elementor-element elementor-element-7e4e114 elementor-section-boxed elementor-section-height-default elementor-section-height-default\" data-id=\"7e4e114\" data-element_type=\"section\" data-settings=\"{&quot;background_background&quot;:&quot;classic&quot;}\">\n\t\t\t\t\t\t<div class=\"elementor-container elementor-column-gap-default\">\n\t\t\t\t\t<div class=\"elementor-column elementor-col-100 elementor-top-column elementor-element elementor-element-dafedf8\" data-id=\"dafedf8\" data-element_type=\"column\">\n\t\t\t<div class=\"elementor-widget-wrap elementor-element-populated\">\n\t\t\t\t\t\t\t<\/div>\n\t\t<\/div>\n\t\t\t\t\t<\/div>\n\t\t<\/section>\n\t\t\t\t<section class=\"elementor-section elementor-top-section elementor-element elementor-element-33c3fab elementor-section-boxed elementor-section-height-default elementor-section-height-default\" data-id=\"33c3fab\" data-element_type=\"section\">\n\t\t\t\t\t\t<div class=\"elementor-container elementor-column-gap-default\">\n\t\t\t\t\t<div class=\"elementor-column elementor-col-100 elementor-top-column elementor-element elementor-element-661bee3\" data-id=\"661bee3\" data-element_type=\"column\">\n\t\t\t<div class=\"elementor-widget-wrap elementor-element-populated\">\n\t\t\t\t\t\t<div class=\"elementor-element elementor-element-f284a3f elementor-widget elementor-widget-heading\" data-id=\"f284a3f\" data-element_type=\"widget\" data-widget_type=\"heading.default\">\n\t\t\t\t<div class=\"elementor-widget-container\">\n\t\t\t\t\t<h1 class=\"elementor-heading-title elementor-size-default\"><span style=\"color: #eb2b8e\"><strong>Proyectos\u00a0<\/strong><span style=\"color: #000000\">ASUFIN Islas Baleares<\/span><\/span><\/h1>\t\t\t\t<\/div>\n\t\t\t\t<\/div>\n\t\t\t\t<div class=\"elementor-element elementor-element-e0d01b6 elementor-widget elementor-widget-text-editor\" data-id=\"e0d01b6\" data-element_type=\"widget\" data-widget_type=\"text-editor.default\">\n\t\t\t\t<div class=\"elementor-widget-container\">\n\t\t\t\t\t\t\t\t\t<p>En 2019 <strong>abrimos una delegaci\u00f3n en Islas Baleares<\/strong> para mejorar nuestra colaboraci\u00f3n con las instituciones y ofrecer una mayor cercan\u00eda a l@s consumidor@s de las islas. Desde sus inicios, nuestra sede de Islas Baleares ha contado con el apoyo de la Consejer\u00eda de Salud y Consumo de las Islas Baleares.<\/p>\t\t\t\t\t\t\t\t<\/div>\n\t\t\t\t<\/div>\n\t\t\t\t<div class=\"elementor-element elementor-element-aad5155 elementor-widget elementor-widget-text-editor\" data-id=\"aad5155\" data-element_type=\"widget\" data-widget_type=\"text-editor.default\">\n\t\t\t\t<div class=\"elementor-widget-container\">\n\t\t\t\t\t\t\t\t\t<p><strong>Proyecto 2022: Atenci\u00f3n, asesoramiento y educaci\u00f3n financiera para las personas consumidoras de las Islas Baleares 2022.\u00a0<\/strong><\/p><p><span style=\"font-weight: var( --e-global-typography-text-font-weight ); font-size: 1rem;\">Con el desarrollo de este proyecto buscamos \u00a0<\/span><span style=\"font-size: 1rem;\"><strong>asesorar, informar y formar a l@s usuari@s<\/strong> para ayudarles a evitar el sobreendeudamiento y concienciarles sobre la importancia del asociacionismo en la defensa de los d<\/span><span style=\"font-weight: var( --e-global-typography-text-font-weight ); font-size: 1rem;\">erechos de las personas consumidoras.<\/span><\/p>\t\t\t\t\t\t\t\t<\/div>\n\t\t\t\t<\/div>\n\t\t\t\t<section class=\"elementor-section elementor-inner-section elementor-element elementor-element-28c57e3 elementor-section-boxed elementor-section-height-default elementor-section-height-default\" data-id=\"28c57e3\" data-element_type=\"section\">\n\t\t\t\t\t\t\t<div class=\"elementor-background-overlay\"><\/div>\n\t\t\t\t\t\t\t<div class=\"elementor-container elementor-column-gap-default\">\n\t\t\t\t\t<div class=\"elementor-column elementor-col-50 elementor-inner-column elementor-element elementor-element-83cb2b8\" data-id=\"83cb2b8\" data-element_type=\"column\" data-settings=\"{&quot;background_background&quot;:&quot;classic&quot;}\">\n\t\t\t<div class=\"elementor-widget-wrap elementor-element-populated\">\n\t\t\t\t\t\t<div class=\"elementor-element elementor-element-3d72462 elementor-widget elementor-widget-image\" data-id=\"3d72462\" data-element_type=\"widget\" data-widget_type=\"image.default\">\n\t\t\t\t<div class=\"elementor-widget-container\">\n\t\t\t\t\t\t\t\t\t\t\t\t\t\t\t<img decoding=\"async\" data-attachment-id=\"52944\" data-permalink=\"https:\/\/staging.asufin.com\/staging\/ponenteo_webinar_asufin\/\" data-orig-file=\"https:\/\/i0.wp.com\/staging.asufin.com\/staging\/wp-content\/uploads\/2020\/07\/ponenteo_webinar_asufin.png?fit=121%2C121&amp;ssl=1\" data-orig-size=\"121,121\" data-comments-opened=\"1\" data-image-meta=\"{&quot;aperture&quot;:&quot;0&quot;,&quot;credit&quot;:&quot;&quot;,&quot;camera&quot;:&quot;&quot;,&quot;caption&quot;:&quot;&quot;,&quot;created_timestamp&quot;:&quot;0&quot;,&quot;copyright&quot;:&quot;&quot;,&quot;focal_length&quot;:&quot;0&quot;,&quot;iso&quot;:&quot;0&quot;,&quot;shutter_speed&quot;:&quot;0&quot;,&quot;title&quot;:&quot;&quot;,&quot;orientation&quot;:&quot;0&quot;}\" data-image-title=\"ICONO_PONENTE\" data-image-description=\"&lt;p&gt;ICONO_PONENTE&lt;\/p&gt;\n\" data-image-caption=\"\" data-large-file=\"https:\/\/i0.wp.com\/staging.asufin.com\/staging\/wp-content\/uploads\/2020\/07\/ponenteo_webinar_asufin.png?fit=121%2C121&amp;ssl=1\" width=\"121\" height=\"121\" src=\"https:\/\/i0.wp.com\/staging.asufin.com\/staging\/wp-content\/uploads\/2020\/07\/ponenteo_webinar_asufin.png?fit=121%2C121&amp;ssl=1\" class=\"attachment-medium size-medium wp-image-52944\" alt=\"ICONO_PONENTE\" title=\"\">\t\t\t\t\t\t\t\t\t\t\t\t\t\t\t<\/div>\n\t\t\t\t<\/div>\n\t\t\t\t\t<\/div>\n\t\t<\/div>\n\t\t\t\t<div class=\"elementor-column elementor-col-50 elementor-inner-column elementor-element elementor-element-1c2b0e4\" data-id=\"1c2b0e4\" data-element_type=\"column\" data-settings=\"{&quot;background_background&quot;:&quot;classic&quot;}\">\n\t\t\t<div class=\"elementor-widget-wrap elementor-element-populated\">\n\t\t\t\t\t\t<div class=\"elementor-element elementor-element-97cdc23 elementor-widget elementor-widget-text-editor\" data-id=\"97cdc23\" data-element_type=\"widget\" data-widget_type=\"text-editor.default\">\n\t\t\t\t<div class=\"elementor-widget-container\">\n\t\t\t\t\t\t\t\t\t<h3 style=\"text-align: center;\"><span style=\"color: #a7a7a7; font-size: 24px; text-align: -webkit-center;\">Webinars<\/span><\/h3>\t\t\t\t\t\t\t\t<\/div>\n\t\t\t\t<\/div>\n\t\t\t\t<div class=\"elementor-element elementor-element-3603777 elementor-widget elementor-widget-text-editor\" data-id=\"3603777\" data-element_type=\"widget\" data-widget_type=\"text-editor.default\">\n\t\t\t\t<div class=\"elementor-widget-container\">\n\t\t\t\t\t\t\t\t\t<div>Para formar e informar a l@s consumidor@s hemos celebrado 2 talleres online en formato webinar sobre temas de actualidad e inter\u00e9s para la ciudadan\u00eda:<\/div><div>\u00a0<\/div><ul><li>Webinar: <a href=\"https:\/\/www.youtube.com\/watch?v=s7YquRIdFIM\" target=\"_blank\" rel=\"noopener\">C\u00e1rtel coches: Qu\u00e9 y c\u00f3mo se puede reclamar<\/a><\/li><li>Webinar: <a href=\"https:\/\/www.youtube.com\/watch?v=nUC7M2lwbOI\" target=\"_blank\" rel=\"noopener\">Hipoteca y seguros de vida: \u00bfcu\u00e1nto puedo reclamar?<\/a><\/li><\/ul>\t\t\t\t\t\t\t\t<\/div>\n\t\t\t\t<\/div>\n\t\t\t\t\t<\/div>\n\t\t<\/div>\n\t\t\t\t\t<\/div>\n\t\t<\/section>\n\t\t\t\t<section class=\"elementor-section elementor-inner-section elementor-element elementor-element-a648d2a elementor-section-boxed elementor-section-height-default elementor-section-height-default\" data-id=\"a648d2a\" data-element_type=\"section\">\n\t\t\t\t\t\t<div class=\"elementor-container elementor-column-gap-default\">\n\t\t\t\t\t<div class=\"elementor-column elementor-col-50 elementor-inner-column elementor-element elementor-element-0ee3d97\" data-id=\"0ee3d97\" data-element_type=\"column\" data-settings=\"{&quot;background_background&quot;:&quot;classic&quot;}\">\n\t\t\t<div class=\"elementor-widget-wrap elementor-element-populated\">\n\t\t\t\t\t\t<div class=\"elementor-element elementor-element-e31bf89 elementor-widget elementor-widget-image\" data-id=\"e31bf89\" data-element_type=\"widget\" data-widget_type=\"image.default\">\n\t\t\t\t<div class=\"elementor-widget-container\">\n\t\t\t\t\t\t\t\t\t\t\t\t\t\t\t<img decoding=\"async\" data-attachment-id=\"53090\" data-permalink=\"https:\/\/staging.asufin.com\/staging\/agenda-de-julio\/inscripcion_webinar_asufin_landing\/\" data-orig-file=\"https:\/\/i0.wp.com\/staging.asufin.com\/staging\/wp-content\/uploads\/2020\/07\/inscripcion_webinar_asufin_landing.png?fit=121%2C121&amp;ssl=1\" data-orig-size=\"121,121\" data-comments-opened=\"1\" data-image-meta=\"{&quot;aperture&quot;:&quot;0&quot;,&quot;credit&quot;:&quot;&quot;,&quot;camera&quot;:&quot;&quot;,&quot;caption&quot;:&quot;&quot;,&quot;created_timestamp&quot;:&quot;0&quot;,&quot;copyright&quot;:&quot;&quot;,&quot;focal_length&quot;:&quot;0&quot;,&quot;iso&quot;:&quot;0&quot;,&quot;shutter_speed&quot;:&quot;0&quot;,&quot;title&quot;:&quot;&quot;,&quot;orientation&quot;:&quot;0&quot;}\" data-image-title=\"ICONO INSCRIPCI\u00d3N WEBINAR JULIO\" data-image-description=\"&lt;p&gt;ICONO INSCRIPCI\u00d3N WEBINAR JULIO&lt;\/p&gt;\n\" data-image-caption=\"\" data-large-file=\"https:\/\/i0.wp.com\/staging.asufin.com\/staging\/wp-content\/uploads\/2020\/07\/inscripcion_webinar_asufin_landing.png?fit=121%2C121&amp;ssl=1\" width=\"121\" height=\"121\" src=\"https:\/\/i0.wp.com\/staging.asufin.com\/staging\/wp-content\/uploads\/2020\/07\/inscripcion_webinar_asufin_landing.png?fit=121%2C121&amp;ssl=1\" class=\"attachment-medium size-medium wp-image-53090\" alt=\"ICONO INSCRIPCI\u00d3N WEBINAR JULIO\" title=\"\">\t\t\t\t\t\t\t\t\t\t\t\t\t\t\t<\/div>\n\t\t\t\t<\/div>\n\t\t\t\t\t<\/div>\n\t\t<\/div>\n\t\t\t\t<div class=\"elementor-column elementor-col-50 elementor-inner-column elementor-element elementor-element-d89d146\" data-id=\"d89d146\" data-element_type=\"column\" data-settings=\"{&quot;background_background&quot;:&quot;classic&quot;}\">\n\t\t\t<div class=\"elementor-widget-wrap elementor-element-populated\">\n\t\t\t\t\t\t<div class=\"elementor-element elementor-element-3e3b4d8 elementor-widget elementor-widget-text-editor\" data-id=\"3e3b4d8\" data-element_type=\"widget\" data-widget_type=\"text-editor.default\">\n\t\t\t\t<div class=\"elementor-widget-container\">\n\t\t\t\t\t\t\t\t\t<h3 style=\"text-align: center;\"><span style=\"color: #a7a7a7; font-size: 24px; text-align: -webkit-center;\">Otros recursos<\/span><\/h3>\t\t\t\t\t\t\t\t<\/div>\n\t\t\t\t<\/div>\n\t\t\t\t<div class=\"elementor-element elementor-element-c9c935e elementor-widget elementor-widget-text-editor\" data-id=\"c9c935e\" data-element_type=\"widget\" data-widget_type=\"text-editor.default\">\n\t\t\t\t<div class=\"elementor-widget-container\">\n\t\t\t\t\t\t\t\t\t<div>En esta secci\u00f3n encontrar\u00e1s, material y herramientas info-formativas con consejos y claves para ayudar a las personas consumidoras:<\/div><div>\u00a0<\/div><ul><li><a href=\"https:\/\/staging.asufin.com\/staging\/wp-content\/uploads\/2022\/07\/INFOGRAFIA_AEROLINEAS_2022.pdf\" target=\"_blank\" rel=\"noopener\">Infograf\u00eda Aerol\u00edneas<\/a><\/li><li><a href=\"https:\/\/staging.asufin.com\/staging\/wp-content\/uploads\/2022\/08\/INFOGRAFIA_ALQUILERES_VACACIONALES.pdf\">Infograf\u00eda Fraudes en Alquileres Vacacionales<\/a><\/li><\/ul>\t\t\t\t\t\t\t\t<\/div>\n\t\t\t\t<\/div>\n\t\t\t\t\t<\/div>\n\t\t<\/div>\n\t\t\t\t\t<\/div>\n\t\t<\/section>\n\t\t\t\t<section class=\"elementor-section elementor-inner-section elementor-element elementor-element-6ec9c7b elementor-section-boxed elementor-section-height-default elementor-section-height-default\" data-id=\"6ec9c7b\" data-element_type=\"section\">\n\t\t\t\t\t\t<div class=\"elementor-container elementor-column-gap-default\">\n\t\t\t\t\t<div class=\"elementor-column elementor-col-100 elementor-inner-column elementor-element elementor-element-db7ba1a\" data-id=\"db7ba1a\" data-element_type=\"column\" data-settings=\"{&quot;background_background&quot;:&quot;classic&quot;}\">\n\t\t\t<div class=\"elementor-widget-wrap elementor-element-populated\">\n\t\t\t\t\t\t<div class=\"elementor-element elementor-element-58b7ece elementor-widget elementor-widget-spacer\" data-id=\"58b7ece\" data-element_type=\"widget\" data-widget_type=\"spacer.default\">\n\t\t\t\t<div class=\"elementor-widget-container\">\n\t\t\t\t\t\t\t<div class=\"elementor-spacer\">\n\t\t\t<div class=\"elementor-spacer-inner\"><\/div>\n\t\t<\/div>\n\t\t\t\t\t\t<\/div>\n\t\t\t\t<\/div>\n\t\t\t\t\t<\/div>\n\t\t<\/div>\n\t\t\t\t\t<\/div>\n\t\t<\/section>\n\t\t\t\t<section class=\"elementor-section elementor-inner-section elementor-element elementor-element-8a0ec15 elementor-section-boxed elementor-section-height-default elementor-section-height-default\" data-id=\"8a0ec15\" data-element_type=\"section\">\n\t\t\t\t\t\t<div class=\"elementor-container elementor-column-gap-default\">\n\t\t\t\t\t<div class=\"elementor-column elementor-col-50 elementor-inner-column elementor-element elementor-element-aac18a4\" data-id=\"aac18a4\" data-element_type=\"column\" data-settings=\"{&quot;background_background&quot;:&quot;classic&quot;}\">\n\t\t\t<div class=\"elementor-widget-wrap elementor-element-populated\">\n\t\t\t\t\t\t<div class=\"elementor-element elementor-element-12feec8 elementor-widget elementor-widget-image\" data-id=\"12feec8\" data-element_type=\"widget\" data-widget_type=\"image.default\">\n\t\t\t\t<div class=\"elementor-widget-container\">\n\t\t\t\t\t\t\t\t\t\t\t\t\t\t\t<img fetchpriority=\"high\" decoding=\"async\" data-attachment-id=\"104532\" data-permalink=\"https:\/\/staging.asufin.com\/staging\/2019_asufin_baleares_castellano_horiz_cast-2-2\/\" data-orig-file=\"https:\/\/i0.wp.com\/staging.asufin.com\/staging\/wp-content\/uploads\/2022\/06\/2019_ASUFIN_BALEARES_CASTELLANO_HORIZ_CAST-2-scaled.jpg?fit=2560%2C942&amp;ssl=1\" data-orig-size=\"2560,942\" data-comments-opened=\"1\" data-image-meta=\"{&quot;aperture&quot;:&quot;0&quot;,&quot;credit&quot;:&quot;&quot;,&quot;camera&quot;:&quot;&quot;,&quot;caption&quot;:&quot;&quot;,&quot;created_timestamp&quot;:&quot;0&quot;,&quot;copyright&quot;:&quot;&quot;,&quot;focal_length&quot;:&quot;0&quot;,&quot;iso&quot;:&quot;0&quot;,&quot;shutter_speed&quot;:&quot;0&quot;,&quot;title&quot;:&quot;&quot;,&quot;orientation&quot;:&quot;0&quot;}\" data-image-title=\"2019_ASUFIN_BALEARES_CASTELLANO_HORIZ_CAST-2\" data-image-description=\"\" data-image-caption=\"\" data-large-file=\"https:\/\/i0.wp.com\/staging.asufin.com\/staging\/wp-content\/uploads\/2022\/06\/2019_ASUFIN_BALEARES_CASTELLANO_HORIZ_CAST-2-scaled.jpg?fit=800%2C295&amp;ssl=1\" width=\"1536\" height=\"565\" src=\"https:\/\/i0.wp.com\/staging.asufin.com\/staging\/wp-content\/uploads\/2022\/06\/2019_ASUFIN_BALEARES_CASTELLANO_HORIZ_CAST-2-scaled.jpg?fit=1536%2C565&amp;ssl=1\" class=\"attachment-1536x1536 size-1536x1536 wp-image-104532\" alt=\"\" srcset=\"https:\/\/i0.wp.com\/staging.asufin.com\/staging\/wp-content\/uploads\/2022\/06\/2019_ASUFIN_BALEARES_CASTELLANO_HORIZ_CAST-2-scaled.jpg?w=2560&amp;ssl=1 2560w, https:\/\/i0.wp.com\/staging.asufin.com\/staging\/wp-content\/uploads\/2022\/06\/2019_ASUFIN_BALEARES_CASTELLANO_HORIZ_CAST-2-scaled.jpg?resize=300%2C110&amp;ssl=1 300w, https:\/\/i0.wp.com\/staging.asufin.com\/staging\/wp-content\/uploads\/2022\/06\/2019_ASUFIN_BALEARES_CASTELLANO_HORIZ_CAST-2-scaled.jpg?resize=1024%2C377&amp;ssl=1 1024w, https:\/\/i0.wp.com\/staging.asufin.com\/staging\/wp-content\/uploads\/2022\/06\/2019_ASUFIN_BALEARES_CASTELLANO_HORIZ_CAST-2-scaled.jpg?resize=768%2C282&amp;ssl=1 768w, https:\/\/i0.wp.com\/staging.asufin.com\/staging\/wp-content\/uploads\/2022\/06\/2019_ASUFIN_BALEARES_CASTELLANO_HORIZ_CAST-2-scaled.jpg?resize=1536%2C565&amp;ssl=1 1536w, https:\/\/i0.wp.com\/staging.asufin.com\/staging\/wp-content\/uploads\/2022\/06\/2019_ASUFIN_BALEARES_CASTELLANO_HORIZ_CAST-2-scaled.jpg?resize=2048%2C753&amp;ssl=1 2048w, https:\/\/i0.wp.com\/staging.asufin.com\/staging\/wp-content\/uploads\/2022\/06\/2019_ASUFIN_BALEARES_CASTELLANO_HORIZ_CAST-2-scaled.jpg?w=1600&amp;ssl=1 1600w, https:\/\/i0.wp.com\/staging.asufin.com\/staging\/wp-content\/uploads\/2022\/06\/2019_ASUFIN_BALEARES_CASTELLANO_HORIZ_CAST-2-scaled.jpg?w=2400&amp;ssl=1 2400w\" sizes=\"(max-width: 800px) 100vw, 800px\" title=\"\">\t\t\t\t\t\t\t\t\t\t\t\t\t\t\t<\/div>\n\t\t\t\t<\/div>\n\t\t\t\t\t<\/div>\n\t\t<\/div>\n\t\t\t\t<div class=\"elementor-column elementor-col-50 elementor-inner-column elementor-element elementor-element-d52a62b\" data-id=\"d52a62b\" data-element_type=\"column\" data-settings=\"{&quot;background_background&quot;:&quot;classic&quot;}\">\n\t\t\t<div class=\"elementor-widget-wrap elementor-element-populated\">\n\t\t\t\t\t\t<div class=\"elementor-element elementor-element-0e67797 elementor-widget elementor-widget-image\" data-id=\"0e67797\" data-element_type=\"widget\" data-widget_type=\"image.default\">\n\t\t\t\t<div class=\"elementor-widget-container\">\n\t\t\t\t\t\t\t\t\t\t\t\t\t\t\t<img loading=\"lazy\" decoding=\"async\" data-attachment-id=\"55706\" data-permalink=\"https:\/\/staging.asufin.com\/staging\/logo_conselleria\/\" data-orig-file=\"https:\/\/i0.wp.com\/staging.asufin.com\/staging\/wp-content\/uploads\/2020\/09\/logo_conselleria.png?fit=182%2C151&amp;ssl=1\" data-orig-size=\"182,151\" data-comments-opened=\"1\" data-image-meta=\"{&quot;aperture&quot;:&quot;0&quot;,&quot;credit&quot;:&quot;&quot;,&quot;camera&quot;:&quot;&quot;,&quot;caption&quot;:&quot;&quot;,&quot;created_timestamp&quot;:&quot;0&quot;,&quot;copyright&quot;:&quot;&quot;,&quot;focal_length&quot;:&quot;0&quot;,&quot;iso&quot;:&quot;0&quot;,&quot;shutter_speed&quot;:&quot;0&quot;,&quot;title&quot;:&quot;&quot;,&quot;orientation&quot;:&quot;0&quot;}\" data-image-title=\"logo_conselleria\" data-image-description=\"\" data-image-caption=\"\" data-large-file=\"https:\/\/i0.wp.com\/staging.asufin.com\/staging\/wp-content\/uploads\/2020\/09\/logo_conselleria.png?fit=182%2C151&amp;ssl=1\" width=\"182\" height=\"151\" src=\"https:\/\/i0.wp.com\/staging.asufin.com\/staging\/wp-content\/uploads\/2020\/09\/logo_conselleria.png?fit=182%2C151&amp;ssl=1\" class=\"attachment-medium size-medium wp-image-55706\" alt=\"\" title=\"\">\t\t\t\t\t\t\t\t\t\t\t\t\t\t\t<\/div>\n\t\t\t\t<\/div>\n\t\t\t\t\t<\/div>\n\t\t<\/div>\n\t\t\t\t\t<\/div>\n\t\t<\/section>\n\t\t\t\t<section class=\"elementor-section elementor-inner-section elementor-element elementor-element-610773c elementor-section-boxed elementor-section-height-default elementor-section-height-default\" data-id=\"610773c\" data-element_type=\"section\">\n\t\t\t\t\t\t<div class=\"elementor-container elementor-column-gap-default\">\n\t\t\t\t\t<div class=\"elementor-column elementor-col-100 elementor-inner-column elementor-element elementor-element-24c7232\" data-id=\"24c7232\" data-element_type=\"column\" data-settings=\"{&quot;background_background&quot;:&quot;classic&quot;}\">\n\t\t\t<div class=\"elementor-widget-wrap elementor-element-populated\">\n\t\t\t\t\t\t<div class=\"elementor-element elementor-element-e057e61 elementor-widget elementor-widget-text-editor\" data-id=\"e057e61\" data-element_type=\"widget\" data-widget_type=\"text-editor.default\">\n\t\t\t\t<div class=\"elementor-widget-container\">\n\t\t\t\t\t\t\t\t\t<p>Con la colaboraci\u00f3n de la Consejer\u00eda de Salud y Consumo de las Islas Baleares. No responsable<\/p>\t\t\t\t\t\t\t\t<\/div>\n\t\t\t\t<\/div>\n\t\t\t\t\t<\/div>\n\t\t<\/div>\n\t\t\t\t\t<\/div>\n\t\t<\/section>\n\t\t\t\t\t<\/div>\n\t\t<\/div>\n\t\t\t\t\t<\/div>\n\t\t<\/section>\n\t\t\t\t<section class=\"elementor-section elementor-top-section elementor-element elementor-element-20ae5c9 elementor-section-boxed elementor-section-height-default elementor-section-height-default\" data-id=\"20ae5c9\" data-element_type=\"section\">\n\t\t\t\t\t\t<div class=\"elementor-container elementor-column-gap-default\">\n\t\t\t\t\t<div class=\"elementor-column elementor-col-100 elementor-top-column elementor-element elementor-element-789d2e9\" data-id=\"789d2e9\" data-element_type=\"column\">\n\t\t\t<div class=\"elementor-widget-wrap\">\n\t\t\t\t\t\t\t<\/div>\n\t\t<\/div>\n\t\t\t\t\t<\/div>\n\t\t<\/section>\n\t\t\t\t<\/div>\n\t\t","protected":false},"excerpt":{"rendered":"<p>Proyectos&nbsp;ASUFIN Islas Baleares En 2019 abrimos una delegaci\u00f3n en Islas Baleares para mejorar nuestra colaboraci\u00f3n con las instituciones y ofrecer una mayor cercan\u00eda a l@s consumidor@s de las islas. Desde sus inicios, nuestra sede de Islas Baleares ha contado con el apoyo de la Consejer\u00eda de Salud y Consumo de las Islas Baleares. Proyecto 2022: [&hellip;]<\/p>\n","protected":false},"author":279,"featured_media":55067,"parent":0,"menu_order":0,"comment_status":"closed","ping_status":"closed","template":"","meta":{"_acf_changed":false,"footnotes":""},"categories":[],"class_list":["post-104487","page","type-page","status-publish","has-post-thumbnail","hentry"],"acf":[],"jetpack_shortlink":"https:\/\/wp.me\/PeayLa-rbh","jetpack_likes_enabled":false,"jetpack_sharing_enabled":true,"_links":{"self":[{"href":"https:\/\/staging.asufin.com\/staging\/wp-json\/wp\/v2\/pages\/104487","targetHints":{"allow":["GET"]}}],"collection":[{"href":"https:\/\/staging.asufin.com\/staging\/wp-json\/wp\/v2\/pages"}],"about":[{"href":"https:\/\/staging.asufin.com\/staging\/wp-json\/wp\/v2\/types\/page"}],"author":[{"embeddable":true,"href":"https:\/\/staging.asufin.com\/staging\/wp-json\/wp\/v2\/users\/279"}],"replies":[{"embeddable":true,"href":"https:\/\/staging.asufin.com\/staging\/wp-json\/wp\/v2\/comments?post=104487"}],"version-history":[{"count":58,"href":"https:\/\/staging.asufin.com\/staging\/wp-json\/wp\/v2\/pages\/104487\/revisions"}],"predecessor-version":[{"id":109988,"href":"https:\/\/staging.asufin.com\/staging\/wp-json\/wp\/v2\/pages\/104487\/revisions\/109988"}],"wp:featuredmedia":[{"embeddable":true,"href":"https:\/\/staging.asufin.com\/staging\/wp-json\/wp\/v2\/media\/55067"}],"wp:attachment":[{"href":"https:\/\/staging.asufin.com\/staging\/wp-json\/wp\/v2\/media?parent=104487"}],"wp:term":[{"taxonomy":"category","embeddable":true,"href":"https:\/\/staging.asufin.com\/staging\/wp-json\/wp\/v2\/categories?post=104487"}],"curies":[{"name":"wp","href":"https:\/\/api.w.org\/{rel}","templated":true}]}}