{"id":109920,"date":"2022-08-02T13:08:00","date_gmt":"2022-08-02T13:08:00","guid":{"rendered":"https:\/\/www.asufin.com\/?page_id=109920"},"modified":"2022-08-02T13:26:28","modified_gmt":"2022-08-02T13:26:28","slug":"proyectos-asufin-cat_general","status":"publish","type":"page","link":"https:\/\/staging.asufin.com\/staging\/proyectos-asufin-cat_general\/","title":{"rendered":"Proyectos asufin CAT_general"},"content":{"rendered":"\t\t<div data-elementor-type=\"wp-page\" data-elementor-id=\"109920\" class=\"elementor elementor-109920\">\n\t\t\t\t\t\t<section class=\"elementor-section elementor-top-section elementor-element elementor-element-351d2952 elementor-section-height-min-height elementor-section-content-middle elementor-section-boxed elementor-section-height-default elementor-section-items-middle\" data-id=\"351d2952\" data-element_type=\"section\" data-settings=\"{&quot;background_background&quot;:&quot;classic&quot;}\">\n\t\t\t\t\t\t<div class=\"elementor-container elementor-column-gap-default\">\n\t\t\t\t\t<div class=\"elementor-column elementor-col-100 elementor-top-column elementor-element elementor-element-f7be6c6\" data-id=\"f7be6c6\" data-element_type=\"column\">\n\t\t\t<div class=\"elementor-widget-wrap\">\n\t\t\t\t\t\t\t<\/div>\n\t\t<\/div>\n\t\t\t\t\t<\/div>\n\t\t<\/section>\n\t\t\t\t<section class=\"elementor-section elementor-top-section elementor-element elementor-element-b4a15a1 elementor-section-boxed elementor-section-height-default elementor-section-height-default\" data-id=\"b4a15a1\" data-element_type=\"section\">\n\t\t\t\t\t\t<div class=\"elementor-container elementor-column-gap-default\">\n\t\t\t\t\t<div class=\"elementor-column elementor-col-100 elementor-top-column elementor-element elementor-element-fd17b40\" data-id=\"fd17b40\" data-element_type=\"column\">\n\t\t\t<div class=\"elementor-widget-wrap elementor-element-populated\">\n\t\t\t\t\t\t<div class=\"elementor-element elementor-element-f63c223 elementor-widget elementor-widget-heading\" data-id=\"f63c223\" data-element_type=\"widget\" data-widget_type=\"heading.default\">\n\t\t\t\t<div class=\"elementor-widget-container\">\n\t\t\t\t\t<h1 class=\"elementor-heading-title elementor-size-default\"><span style=\"color: #eb2b8e\"><strong>Proyectos&nbsp;<\/strong><span style=\"color: #000000\">ASUFIN Catalu\u00f1a<\/span><\/span><\/h1>\t\t\t\t<\/div>\n\t\t\t\t<\/div>\n\t\t\t\t<div class=\"elementor-element elementor-element-3da77632 elementor-widget elementor-widget-text-editor\" data-id=\"3da77632\" data-element_type=\"widget\" data-widget_type=\"text-editor.default\">\n\t\t\t\t<div class=\"elementor-widget-container\">\n\t\t\t\t\t\t\t\t\t<p>En 2019 abrimos una delegaci\u00f3n en Catalu\u00f1a para mejorar nuestra colaboraci\u00f3n con las instituciones y ofrecer una mayor cercan\u00eda a l@s consumidor@s catalanes. ASUFIN Catalu\u00f1a cuenta con el apoyo de la Agencia Catalana de Consumo y\u00a0 el Ayuntamiento de Barcelona para llevar a cabo diferentes proyectos de inter\u00e9s para las personas consumidoras.<\/p>\t\t\t\t\t\t\t\t<\/div>\n\t\t\t\t<\/div>\n\t\t\t\t<section class=\"elementor-section elementor-inner-section elementor-element elementor-element-7d46dd7a elementor-section-boxed elementor-section-height-default elementor-section-height-default\" data-id=\"7d46dd7a\" data-element_type=\"section\">\n\t\t\t\t\t\t<div class=\"elementor-container elementor-column-gap-default\">\n\t\t\t\t\t<div class=\"elementor-column elementor-col-50 elementor-inner-column elementor-element elementor-element-628d1823\" data-id=\"628d1823\" data-element_type=\"column\">\n\t\t\t<div class=\"elementor-widget-wrap elementor-element-populated\">\n\t\t\t\t\t\t<div class=\"elementor-element elementor-element-330d4bc elementor-widget elementor-widget-image\" data-id=\"330d4bc\" data-element_type=\"widget\" data-widget_type=\"image.default\">\n\t\t\t\t<div class=\"elementor-widget-container\">\n\t\t\t\t\t\t\t\t\t\t\t\t<figure class=\"wp-caption\">\n\t\t\t\t\t\t\t\t\t\t<img decoding=\"async\" data-attachment-id=\"106261\" data-permalink=\"https:\/\/staging.asufin.com\/staging\/unete-a-asufin-cataluna\/microsoftteams-image-7\/\" data-orig-file=\"https:\/\/i0.wp.com\/staging.asufin.com\/staging\/wp-content\/uploads\/2022\/07\/MicrosoftTeams-image-7.png?fit=284%2C124&amp;ssl=1\" data-orig-size=\"284,124\" data-comments-opened=\"1\" data-image-meta=\"{&quot;aperture&quot;:&quot;0&quot;,&quot;credit&quot;:&quot;&quot;,&quot;camera&quot;:&quot;&quot;,&quot;caption&quot;:&quot;&quot;,&quot;created_timestamp&quot;:&quot;0&quot;,&quot;copyright&quot;:&quot;&quot;,&quot;focal_length&quot;:&quot;0&quot;,&quot;iso&quot;:&quot;0&quot;,&quot;shutter_speed&quot;:&quot;0&quot;,&quot;title&quot;:&quot;&quot;,&quot;orientation&quot;:&quot;0&quot;}\" data-image-title=\"Logo ASUFIN Catalu\u00f1a\" data-image-description=\"&lt;p&gt;Logo ASUFIN Catalu\u00f1a&lt;\/p&gt;\n\" data-image-caption=\"&lt;p&gt;Logo ASUFIN Catalu\u00f1a&lt;\/p&gt;\n\" data-large-file=\"https:\/\/i0.wp.com\/staging.asufin.com\/staging\/wp-content\/uploads\/2022\/07\/MicrosoftTeams-image-7.png?fit=284%2C124&amp;ssl=1\" width=\"284\" height=\"124\" src=\"https:\/\/i0.wp.com\/staging.asufin.com\/staging\/wp-content\/uploads\/2022\/07\/MicrosoftTeams-image-7.png?fit=284%2C124&amp;ssl=1\" class=\"attachment-medium_large size-medium_large wp-image-106261\" alt=\"Logo ASUFIN Catalu\u00f1a\" title=\"\">\t\t\t\t\t\t\t\t\t\t\t<figcaption class=\"widget-image-caption wp-caption-text\">2020<\/figcaption>\n\t\t\t\t\t\t\t\t\t\t<\/figure>\n\t\t\t\t\t\t\t\t\t<\/div>\n\t\t\t\t<\/div>\n\t\t\t\t\t<\/div>\n\t\t<\/div>\n\t\t\t\t<div class=\"elementor-column elementor-col-50 elementor-inner-column elementor-element elementor-element-b88d337\" data-id=\"b88d337\" data-element_type=\"column\">\n\t\t\t<div class=\"elementor-widget-wrap elementor-element-populated\">\n\t\t\t\t\t\t<div class=\"elementor-element elementor-element-ec1c2a7 elementor-widget elementor-widget-image\" data-id=\"ec1c2a7\" data-element_type=\"widget\" data-widget_type=\"image.default\">\n\t\t\t\t<div class=\"elementor-widget-container\">\n\t\t\t\t\t\t\t\t\t\t\t\t<figure class=\"wp-caption\">\n\t\t\t\t\t\t\t\t\t\t\t<a href=\"https:\/\/staging.asufin.com\/staging\/proyectos-catalunya\" target=\"_blank\">\n\t\t\t\t\t\t\t<img decoding=\"async\" data-attachment-id=\"106261\" data-permalink=\"https:\/\/staging.asufin.com\/staging\/unete-a-asufin-cataluna\/microsoftteams-image-7\/\" data-orig-file=\"https:\/\/i0.wp.com\/staging.asufin.com\/staging\/wp-content\/uploads\/2022\/07\/MicrosoftTeams-image-7.png?fit=284%2C124&amp;ssl=1\" data-orig-size=\"284,124\" data-comments-opened=\"1\" data-image-meta=\"{&quot;aperture&quot;:&quot;0&quot;,&quot;credit&quot;:&quot;&quot;,&quot;camera&quot;:&quot;&quot;,&quot;caption&quot;:&quot;&quot;,&quot;created_timestamp&quot;:&quot;0&quot;,&quot;copyright&quot;:&quot;&quot;,&quot;focal_length&quot;:&quot;0&quot;,&quot;iso&quot;:&quot;0&quot;,&quot;shutter_speed&quot;:&quot;0&quot;,&quot;title&quot;:&quot;&quot;,&quot;orientation&quot;:&quot;0&quot;}\" data-image-title=\"Logo ASUFIN Catalu\u00f1a\" data-image-description=\"&lt;p&gt;Logo ASUFIN Catalu\u00f1a&lt;\/p&gt;\n\" data-image-caption=\"&lt;p&gt;Logo ASUFIN Catalu\u00f1a&lt;\/p&gt;\n\" data-large-file=\"https:\/\/i0.wp.com\/staging.asufin.com\/staging\/wp-content\/uploads\/2022\/07\/MicrosoftTeams-image-7.png?fit=284%2C124&amp;ssl=1\" width=\"284\" height=\"124\" src=\"https:\/\/i0.wp.com\/staging.asufin.com\/staging\/wp-content\/uploads\/2022\/07\/MicrosoftTeams-image-7.png?fit=284%2C124&amp;ssl=1\" class=\"attachment-large size-large wp-image-106261\" alt=\"Logo ASUFIN Catalu\u00f1a\" title=\"\">\t\t\t\t\t\t\t\t<\/a>\n\t\t\t\t\t\t\t\t\t\t\t<figcaption class=\"widget-image-caption wp-caption-text\">2021<\/figcaption>\n\t\t\t\t\t\t\t\t\t\t<\/figure>\n\t\t\t\t\t\t\t\t\t<\/div>\n\t\t\t\t<\/div>\n\t\t\t\t\t<\/div>\n\t\t<\/div>\n\t\t\t\t\t<\/div>\n\t\t<\/section>\n\t\t\t\t<section class=\"elementor-section elementor-inner-section elementor-element elementor-element-a4e7a28 elementor-section-boxed elementor-section-height-default elementor-section-height-default\" data-id=\"a4e7a28\" data-element_type=\"section\">\n\t\t\t\t\t\t<div class=\"elementor-container elementor-column-gap-default\">\n\t\t\t\t\t<div class=\"elementor-column elementor-col-50 elementor-inner-column elementor-element elementor-element-ae932af\" data-id=\"ae932af\" data-element_type=\"column\">\n\t\t\t<div class=\"elementor-widget-wrap elementor-element-populated\">\n\t\t\t\t\t\t<div class=\"elementor-element elementor-element-8df41b0 elementor-widget elementor-widget-image\" data-id=\"8df41b0\" data-element_type=\"widget\" data-widget_type=\"image.default\">\n\t\t\t\t<div class=\"elementor-widget-container\">\n\t\t\t\t\t\t\t\t\t\t\t\t<figure class=\"wp-caption\">\n\t\t\t\t\t\t\t\t\t\t\t<a href=\"https:\/\/staging.asufin.com\/staging\/proyectos-cataluna-2022\" target=\"_blank\">\n\t\t\t\t\t\t\t<img decoding=\"async\" data-attachment-id=\"106261\" data-permalink=\"https:\/\/staging.asufin.com\/staging\/unete-a-asufin-cataluna\/microsoftteams-image-7\/\" data-orig-file=\"https:\/\/i0.wp.com\/staging.asufin.com\/staging\/wp-content\/uploads\/2022\/07\/MicrosoftTeams-image-7.png?fit=284%2C124&amp;ssl=1\" data-orig-size=\"284,124\" data-comments-opened=\"1\" data-image-meta=\"{&quot;aperture&quot;:&quot;0&quot;,&quot;credit&quot;:&quot;&quot;,&quot;camera&quot;:&quot;&quot;,&quot;caption&quot;:&quot;&quot;,&quot;created_timestamp&quot;:&quot;0&quot;,&quot;copyright&quot;:&quot;&quot;,&quot;focal_length&quot;:&quot;0&quot;,&quot;iso&quot;:&quot;0&quot;,&quot;shutter_speed&quot;:&quot;0&quot;,&quot;title&quot;:&quot;&quot;,&quot;orientation&quot;:&quot;0&quot;}\" data-image-title=\"Logo ASUFIN Catalu\u00f1a\" data-image-description=\"&lt;p&gt;Logo ASUFIN Catalu\u00f1a&lt;\/p&gt;\n\" data-image-caption=\"&lt;p&gt;Logo ASUFIN Catalu\u00f1a&lt;\/p&gt;\n\" data-large-file=\"https:\/\/i0.wp.com\/staging.asufin.com\/staging\/wp-content\/uploads\/2022\/07\/MicrosoftTeams-image-7.png?fit=284%2C124&amp;ssl=1\" width=\"284\" height=\"124\" src=\"https:\/\/i0.wp.com\/staging.asufin.com\/staging\/wp-content\/uploads\/2022\/07\/MicrosoftTeams-image-7.png?fit=284%2C124&amp;ssl=1\" class=\"attachment-large size-large wp-image-106261\" alt=\"Logo ASUFIN Catalu\u00f1a\" title=\"\">\t\t\t\t\t\t\t\t<\/a>\n\t\t\t\t\t\t\t\t\t\t\t<figcaption class=\"widget-image-caption wp-caption-text\">2022<\/figcaption>\n\t\t\t\t\t\t\t\t\t\t<\/figure>\n\t\t\t\t\t\t\t\t\t<\/div>\n\t\t\t\t<\/div>\n\t\t\t\t\t<\/div>\n\t\t<\/div>\n\t\t\t\t<div class=\"elementor-column elementor-col-50 elementor-inner-column elementor-element elementor-element-6d5f929\" data-id=\"6d5f929\" data-element_type=\"column\">\n\t\t\t<div class=\"elementor-widget-wrap\">\n\t\t\t\t\t\t\t<\/div>\n\t\t<\/div>\n\t\t\t\t\t<\/div>\n\t\t<\/section>\n\t\t\t\t\t<\/div>\n\t\t<\/div>\n\t\t\t\t\t<\/div>\n\t\t<\/section>\n\t\t\t\t<\/div>\n\t\t","protected":false},"excerpt":{"rendered":"<p>Proyectos&nbsp;ASUFIN Catalu\u00f1a En 2019 abrimos una delegaci\u00f3n en Catalu\u00f1a para mejorar nuestra colaboraci\u00f3n con las instituciones y ofrecer una mayor cercan\u00eda a l@s consumidor@s catalanes. ASUFIN Catalu\u00f1a cuenta con el apoyo de la Agencia Catalana de Consumo y\u00a0 el Ayuntamiento de Barcelona para llevar a cabo diferentes proyectos de inter\u00e9s para las personas consumidoras. 2020 [&hellip;]<\/p>\n","protected":false},"author":279,"featured_media":55067,"parent":0,"menu_order":0,"comment_status":"closed","ping_status":"closed","template":"","meta":{"_acf_changed":false,"footnotes":""},"categories":[],"class_list":["post-109920","page","type-page","status-publish","has-post-thumbnail","hentry"],"acf":[],"jetpack_shortlink":"https:\/\/wp.me\/PeayLa-sAU","jetpack_likes_enabled":false,"jetpack_sharing_enabled":true,"_links":{"self":[{"href":"https:\/\/staging.asufin.com\/staging\/wp-json\/wp\/v2\/pages\/109920","targetHints":{"allow":["GET"]}}],"collection":[{"href":"https:\/\/staging.asufin.com\/staging\/wp-json\/wp\/v2\/pages"}],"about":[{"href":"https:\/\/staging.asufin.com\/staging\/wp-json\/wp\/v2\/types\/page"}],"author":[{"embeddable":true,"href":"https:\/\/staging.asufin.com\/staging\/wp-json\/wp\/v2\/users\/279"}],"replies":[{"embeddable":true,"href":"https:\/\/staging.asufin.com\/staging\/wp-json\/wp\/v2\/comments?post=109920"}],"version-history":[{"count":22,"href":"https:\/\/staging.asufin.com\/staging\/wp-json\/wp\/v2\/pages\/109920\/revisions"}],"predecessor-version":[{"id":109961,"href":"https:\/\/staging.asufin.com\/staging\/wp-json\/wp\/v2\/pages\/109920\/revisions\/109961"}],"wp:featuredmedia":[{"embeddable":true,"href":"https:\/\/staging.asufin.com\/staging\/wp-json\/wp\/v2\/media\/55067"}],"wp:attachment":[{"href":"https:\/\/staging.asufin.com\/staging\/wp-json\/wp\/v2\/media?parent=109920"}],"wp:term":[{"taxonomy":"category","embeddable":true,"href":"https:\/\/staging.asufin.com\/staging\/wp-json\/wp\/v2\/categories?post=109920"}],"curies":[{"name":"wp","href":"https:\/\/api.w.org\/{rel}","templated":true}]}}