{"id":109966,"date":"2022-08-02T13:39:57","date_gmt":"2022-08-02T13:39:57","guid":{"rendered":"https:\/\/www.asufin.com\/?page_id=109966"},"modified":"2022-08-02T13:51:43","modified_gmt":"2022-08-02T13:51:43","slug":"proyectos-cataluna-2022-2","status":"publish","type":"page","link":"https:\/\/staging.asufin.com\/staging\/proyectos-cataluna-2022-2\/","title":{"rendered":"Proyectos Pa\u00eds Vasco 2022"},"content":{"rendered":"\t\t<div data-elementor-type=\"wp-page\" data-elementor-id=\"109966\" class=\"elementor elementor-109966\">\n\t\t\t\t\t\t<section class=\"elementor-section elementor-top-section elementor-element elementor-element-7e4e114 elementor-section-boxed elementor-section-height-default elementor-section-height-default\" data-id=\"7e4e114\" data-element_type=\"section\" data-settings=\"{&quot;background_background&quot;:&quot;classic&quot;}\">\n\t\t\t\t\t\t<div class=\"elementor-container elementor-column-gap-default\">\n\t\t\t\t\t<div class=\"elementor-column elementor-col-100 elementor-top-column elementor-element elementor-element-dafedf8\" data-id=\"dafedf8\" data-element_type=\"column\">\n\t\t\t<div class=\"elementor-widget-wrap elementor-element-populated\">\n\t\t\t\t\t\t\t<\/div>\n\t\t<\/div>\n\t\t\t\t\t<\/div>\n\t\t<\/section>\n\t\t\t\t<section class=\"elementor-section elementor-top-section elementor-element elementor-element-33c3fab elementor-section-boxed elementor-section-height-default elementor-section-height-default\" data-id=\"33c3fab\" data-element_type=\"section\">\n\t\t\t\t\t\t<div class=\"elementor-container elementor-column-gap-default\">\n\t\t\t\t\t<div class=\"elementor-column elementor-col-100 elementor-top-column elementor-element elementor-element-661bee3\" data-id=\"661bee3\" data-element_type=\"column\">\n\t\t\t<div class=\"elementor-widget-wrap elementor-element-populated\">\n\t\t\t\t\t\t<div class=\"elementor-element elementor-element-62910b5 elementor-widget elementor-widget-heading\" data-id=\"62910b5\" data-element_type=\"widget\" data-widget_type=\"heading.default\">\n\t\t\t\t<div class=\"elementor-widget-container\">\n\t\t\t\t\t<h1 class=\"elementor-heading-title elementor-size-default\"><span style=\"color: #eb2b8e\"><strong>Proyectos&nbsp;<\/strong><span style=\"color: #000000\">ASUFIN Pa\u00eds Vasco<\/span><\/span><\/h1>\t\t\t\t<\/div>\n\t\t\t\t<\/div>\n\t\t\t\t<div class=\"elementor-element elementor-element-6cdfd26 elementor-widget elementor-widget-text-editor\" data-id=\"6cdfd26\" data-element_type=\"widget\" data-widget_type=\"text-editor.default\">\n\t\t\t\t<div class=\"elementor-widget-container\">\n\t\t\t\t\t\t\t\t\t<p>En 2020 <strong>se funda ASUFIN Pa\u00eds Vasco<\/strong> que centra su actividad en ofrecer la cobertura legal y asesoramiento necesarios a l@s consumidor@s del Pa\u00eds Vasco. Desde el a\u00f1o 2022, cuenta con el apoyo del KontsumoBIDE (Instituto Vasco de Consumo).<\/p>\t\t\t\t\t\t\t\t<\/div>\n\t\t\t\t<\/div>\n\t\t\t\t<div class=\"elementor-element elementor-element-aad5155 elementor-widget elementor-widget-text-editor\" data-id=\"aad5155\" data-element_type=\"widget\" data-widget_type=\"text-editor.default\">\n\t\t\t\t<div class=\"elementor-widget-container\">\n\t\t\t\t\t\t\t\t\t<p>Proyecto 2022:<\/p><p>&#8211; Atenci\u00f3n a las personas consumidoras.<\/p><p>&#8211; Asesoramiento jur\u00eddico.<\/p><p>El KotsumoBIDE ha querido apoyar la labor de ASUFIN Pa\u00eds Vasco financiado algunas de las acciones que se llevan a cabo desde la sede. Desde su inauguraci\u00f3n, se presta especial atenci\u00f3n a las personas afectadas por GEROA cuyo \u00f3rgano de administraci\u00f3n dificulta la posibilidad de ejercer a m\u00e1s de 113.000 personas su derecho relativo al rescate de la totalidad de sus aportaciones realizadas durante d\u00e9cadas.<\/p>\t\t\t\t\t\t\t\t<\/div>\n\t\t\t\t<\/div>\n\t\t\t\t<section class=\"elementor-section elementor-inner-section elementor-element elementor-element-28c57e3 elementor-section-boxed elementor-section-height-default elementor-section-height-default\" data-id=\"28c57e3\" data-element_type=\"section\">\n\t\t\t\t\t\t\t<div class=\"elementor-background-overlay\"><\/div>\n\t\t\t\t\t\t\t<div class=\"elementor-container elementor-column-gap-default\">\n\t\t\t\t\t<div class=\"elementor-column elementor-col-50 elementor-inner-column elementor-element elementor-element-83cb2b8\" data-id=\"83cb2b8\" data-element_type=\"column\" data-settings=\"{&quot;background_background&quot;:&quot;classic&quot;}\">\n\t\t\t<div class=\"elementor-widget-wrap elementor-element-populated\">\n\t\t\t\t\t\t<div class=\"elementor-element elementor-element-3d72462 elementor-widget elementor-widget-image\" data-id=\"3d72462\" data-element_type=\"widget\" data-widget_type=\"image.default\">\n\t\t\t\t<div class=\"elementor-widget-container\">\n\t\t\t\t\t\t\t\t\t\t\t\t\t\t\t<img decoding=\"async\" data-attachment-id=\"52944\" data-permalink=\"https:\/\/staging.asufin.com\/staging\/ponenteo_webinar_asufin\/\" data-orig-file=\"https:\/\/i0.wp.com\/staging.asufin.com\/staging\/wp-content\/uploads\/2020\/07\/ponenteo_webinar_asufin.png?fit=121%2C121&amp;ssl=1\" data-orig-size=\"121,121\" data-comments-opened=\"1\" data-image-meta=\"{&quot;aperture&quot;:&quot;0&quot;,&quot;credit&quot;:&quot;&quot;,&quot;camera&quot;:&quot;&quot;,&quot;caption&quot;:&quot;&quot;,&quot;created_timestamp&quot;:&quot;0&quot;,&quot;copyright&quot;:&quot;&quot;,&quot;focal_length&quot;:&quot;0&quot;,&quot;iso&quot;:&quot;0&quot;,&quot;shutter_speed&quot;:&quot;0&quot;,&quot;title&quot;:&quot;&quot;,&quot;orientation&quot;:&quot;0&quot;}\" data-image-title=\"ICONO_PONENTE\" data-image-description=\"&lt;p&gt;ICONO_PONENTE&lt;\/p&gt;\n\" data-image-caption=\"\" data-large-file=\"https:\/\/i0.wp.com\/staging.asufin.com\/staging\/wp-content\/uploads\/2020\/07\/ponenteo_webinar_asufin.png?fit=121%2C121&amp;ssl=1\" width=\"121\" height=\"121\" src=\"https:\/\/i0.wp.com\/staging.asufin.com\/staging\/wp-content\/uploads\/2020\/07\/ponenteo_webinar_asufin.png?resize=121%2C121&amp;ssl=1\" class=\"attachment-thumbnail size-thumbnail wp-image-52944\" alt=\"ICONO_PONENTE\" title=\"\">\t\t\t\t\t\t\t\t\t\t\t\t\t\t\t<\/div>\n\t\t\t\t<\/div>\n\t\t\t\t\t<\/div>\n\t\t<\/div>\n\t\t\t\t<div class=\"elementor-column elementor-col-50 elementor-inner-column elementor-element elementor-element-1c2b0e4\" data-id=\"1c2b0e4\" data-element_type=\"column\" data-settings=\"{&quot;background_background&quot;:&quot;classic&quot;}\">\n\t\t\t<div class=\"elementor-widget-wrap elementor-element-populated\">\n\t\t\t\t\t\t<div class=\"elementor-element elementor-element-3603777 elementor-widget elementor-widget-text-editor\" data-id=\"3603777\" data-element_type=\"widget\" data-widget_type=\"text-editor.default\">\n\t\t\t\t<div class=\"elementor-widget-container\">\n\t\t\t\t\t\t\t\t\t<h3>\u00a0 \u00a0 \u00a0 \u00a0 \u00a0 \u00a0 \u00a0 \u00a0 \u00a0Webinars<\/h3><p>Desde ASUFIN Pa\u00eds Vasco estamos comprometidos con la defensa de los derechos de las personas afectadas por GEROA. Para ello, tenemos previsto la celebraci\u00f3n de un webinar para resolver todas las dudas de las personas afectadas y evitar desplazamientos innecesarios.\u00a0 \u00a0<\/p><p><strong>Pr\u00f3ximamente:<\/strong><\/p><ul><li style=\"list-style-type: none;\"><ul><li>Webinar Resolvemos todas tus dudas sobre GEROA<\/li><\/ul><\/li><\/ul>\t\t\t\t\t\t\t\t<\/div>\n\t\t\t\t<\/div>\n\t\t\t\t\t<\/div>\n\t\t<\/div>\n\t\t\t\t\t<\/div>\n\t\t<\/section>\n\t\t\t\t<section class=\"elementor-section elementor-inner-section elementor-element elementor-element-a648d2a elementor-section-boxed elementor-section-height-default elementor-section-height-default\" data-id=\"a648d2a\" data-element_type=\"section\">\n\t\t\t\t\t\t<div class=\"elementor-container elementor-column-gap-default\">\n\t\t\t\t\t<div class=\"elementor-column elementor-col-50 elementor-inner-column elementor-element elementor-element-0ee3d97\" data-id=\"0ee3d97\" data-element_type=\"column\" data-settings=\"{&quot;background_background&quot;:&quot;classic&quot;}\">\n\t\t\t<div class=\"elementor-widget-wrap elementor-element-populated\">\n\t\t\t\t\t\t<div class=\"elementor-element elementor-element-917bd4d elementor-widget elementor-widget-image\" data-id=\"917bd4d\" data-element_type=\"widget\" data-widget_type=\"image.default\">\n\t\t\t\t<div class=\"elementor-widget-container\">\n\t\t\t\t\t\t\t\t\t\t\t\t\t\t\t<img decoding=\"async\" data-attachment-id=\"88026\" data-permalink=\"https:\/\/staging.asufin.com\/staging\/eventos-asufin\/icono_estudios_barometros_landing_eventos\/\" data-orig-file=\"https:\/\/i0.wp.com\/staging.asufin.com\/staging\/wp-content\/uploads\/2022\/03\/ICONO_ESTUDIOS_BAROMETROS_LANDING_EVENTOS.png?fit=100%2C100&amp;ssl=1\" data-orig-size=\"100,100\" data-comments-opened=\"1\" data-image-meta=\"{&quot;aperture&quot;:&quot;0&quot;,&quot;credit&quot;:&quot;&quot;,&quot;camera&quot;:&quot;&quot;,&quot;caption&quot;:&quot;&quot;,&quot;created_timestamp&quot;:&quot;0&quot;,&quot;copyright&quot;:&quot;&quot;,&quot;focal_length&quot;:&quot;0&quot;,&quot;iso&quot;:&quot;0&quot;,&quot;shutter_speed&quot;:&quot;0&quot;,&quot;title&quot;:&quot;&quot;,&quot;orientation&quot;:&quot;0&quot;}\" data-image-title=\"ICONO_ESTUDIOS_BAROMETROS_LANDING_EVENTOS\" data-image-description=\"\" data-image-caption=\"\" data-large-file=\"https:\/\/i0.wp.com\/staging.asufin.com\/staging\/wp-content\/uploads\/2022\/03\/ICONO_ESTUDIOS_BAROMETROS_LANDING_EVENTOS.png?fit=100%2C100&amp;ssl=1\" width=\"100\" height=\"100\" src=\"https:\/\/i0.wp.com\/staging.asufin.com\/staging\/wp-content\/uploads\/2022\/03\/ICONO_ESTUDIOS_BAROMETROS_LANDING_EVENTOS.png?fit=100%2C100&amp;ssl=1\" class=\"attachment-medium size-medium wp-image-88026\" alt=\"\" title=\"\">\t\t\t\t\t\t\t\t\t\t\t\t\t\t\t<\/div>\n\t\t\t\t<\/div>\n\t\t\t\t\t<\/div>\n\t\t<\/div>\n\t\t\t\t<div class=\"elementor-column elementor-col-50 elementor-inner-column elementor-element elementor-element-d89d146\" data-id=\"d89d146\" data-element_type=\"column\" data-settings=\"{&quot;background_background&quot;:&quot;classic&quot;}\">\n\t\t\t<div class=\"elementor-widget-wrap elementor-element-populated\">\n\t\t\t\t\t\t<div class=\"elementor-element elementor-element-c9c935e elementor-widget elementor-widget-text-editor\" data-id=\"c9c935e\" data-element_type=\"widget\" data-widget_type=\"text-editor.default\">\n\t\t\t\t<div class=\"elementor-widget-container\">\n\t\t\t\t\t\t\t\t\t<h3>\u00a0 \u00a0 \u00a0 \u00a0 \u00a0 \u00a0Charlas<\/h3><p>Desde ASUFIN Pa\u00eds Vasco estamos comprometidos con la defensa de los derechos de las personas afectadas por GEROA. Para ello, tenemos previsto la celebraci\u00f3n de un webinar para resolver todas las dudas de las personas afectadas y evitar desplazamientos innecesarios.\u00a0 \u00a0<\/p><p><strong>Pr\u00f3ximamente:<\/strong><\/p><ul><li style=\"list-style-type: none;\"><ul><li>Webinar Resolvemos todas tus dudas sobre GEROA<\/li><\/ul><\/li><\/ul>\t\t\t\t\t\t\t\t<\/div>\n\t\t\t\t<\/div>\n\t\t\t\t\t<\/div>\n\t\t<\/div>\n\t\t\t\t\t<\/div>\n\t\t<\/section>\n\t\t\t\t<div class=\"elementor-element elementor-element-e6334a0 elementor-widget elementor-widget-spacer\" data-id=\"e6334a0\" data-element_type=\"widget\" data-widget_type=\"spacer.default\">\n\t\t\t\t<div class=\"elementor-widget-container\">\n\t\t\t\t\t\t\t<div class=\"elementor-spacer\">\n\t\t\t<div class=\"elementor-spacer-inner\"><\/div>\n\t\t<\/div>\n\t\t\t\t\t\t<\/div>\n\t\t\t\t<\/div>\n\t\t\t\t<div class=\"elementor-element elementor-element-ad53079 elementor-widget elementor-widget-text-editor\" data-id=\"ad53079\" data-element_type=\"widget\" data-widget_type=\"text-editor.default\">\n\t\t\t\t<div class=\"elementor-widget-container\">\n\t\t\t\t\t\t\t\t\t<p style=\"text-align: center;\"><span style=\"text-align: right;\">Con el apoyo de:<\/span><\/p>\t\t\t\t\t\t\t\t<\/div>\n\t\t\t\t<\/div>\n\t\t\t\t<section class=\"elementor-section elementor-inner-section elementor-element elementor-element-8a0ec15 elementor-section-boxed elementor-section-height-default elementor-section-height-default\" data-id=\"8a0ec15\" data-element_type=\"section\">\n\t\t\t\t\t\t<div class=\"elementor-container elementor-column-gap-default\">\n\t\t\t\t\t<div class=\"elementor-column elementor-col-50 elementor-inner-column elementor-element elementor-element-aac18a4\" data-id=\"aac18a4\" data-element_type=\"column\" data-settings=\"{&quot;background_background&quot;:&quot;classic&quot;}\">\n\t\t\t<div class=\"elementor-widget-wrap elementor-element-populated\">\n\t\t\t\t\t\t<div class=\"elementor-element elementor-element-ebbc959 elementor-widget elementor-widget-image\" data-id=\"ebbc959\" data-element_type=\"widget\" data-widget_type=\"image.default\">\n\t\t\t\t<div class=\"elementor-widget-container\">\n\t\t\t\t\t\t\t\t\t\t\t\t\t\t\t<img fetchpriority=\"high\" decoding=\"async\" data-attachment-id=\"109904\" data-permalink=\"https:\/\/staging.asufin.com\/staging\/?attachment_id=109904\" data-orig-file=\"https:\/\/i0.wp.com\/staging.asufin.com\/staging\/wp-content\/uploads\/2022\/08\/2019_ASUFIN_PAIS_VASCO_LOGO_HORIZ.png?fit=3404%2C1252&amp;ssl=1\" data-orig-size=\"3404,1252\" data-comments-opened=\"1\" data-image-meta=\"{&quot;aperture&quot;:&quot;0&quot;,&quot;credit&quot;:&quot;&quot;,&quot;camera&quot;:&quot;&quot;,&quot;caption&quot;:&quot;&quot;,&quot;created_timestamp&quot;:&quot;0&quot;,&quot;copyright&quot;:&quot;&quot;,&quot;focal_length&quot;:&quot;0&quot;,&quot;iso&quot;:&quot;0&quot;,&quot;shutter_speed&quot;:&quot;0&quot;,&quot;title&quot;:&quot;&quot;,&quot;orientation&quot;:&quot;0&quot;}\" data-image-title=\"2019_ASUFIN_PAIS_VASCO_LOGO_HORIZ\" data-image-description=\"\" data-image-caption=\"\" data-large-file=\"https:\/\/i0.wp.com\/staging.asufin.com\/staging\/wp-content\/uploads\/2022\/08\/2019_ASUFIN_PAIS_VASCO_LOGO_HORIZ.png?fit=800%2C295&amp;ssl=1\" width=\"800\" height=\"295\" src=\"https:\/\/i0.wp.com\/staging.asufin.com\/staging\/wp-content\/uploads\/2022\/08\/2019_ASUFIN_PAIS_VASCO_LOGO_HORIZ.png?fit=800%2C295&amp;ssl=1\" class=\"attachment-large size-large wp-image-109904\" alt=\"\" srcset=\"https:\/\/i0.wp.com\/staging.asufin.com\/staging\/wp-content\/uploads\/2022\/08\/2019_ASUFIN_PAIS_VASCO_LOGO_HORIZ.png?w=3404&amp;ssl=1 3404w, https:\/\/i0.wp.com\/staging.asufin.com\/staging\/wp-content\/uploads\/2022\/08\/2019_ASUFIN_PAIS_VASCO_LOGO_HORIZ.png?resize=300%2C110&amp;ssl=1 300w, https:\/\/i0.wp.com\/staging.asufin.com\/staging\/wp-content\/uploads\/2022\/08\/2019_ASUFIN_PAIS_VASCO_LOGO_HORIZ.png?resize=1024%2C377&amp;ssl=1 1024w, https:\/\/i0.wp.com\/staging.asufin.com\/staging\/wp-content\/uploads\/2022\/08\/2019_ASUFIN_PAIS_VASCO_LOGO_HORIZ.png?resize=768%2C282&amp;ssl=1 768w, https:\/\/i0.wp.com\/staging.asufin.com\/staging\/wp-content\/uploads\/2022\/08\/2019_ASUFIN_PAIS_VASCO_LOGO_HORIZ.png?resize=1536%2C565&amp;ssl=1 1536w, https:\/\/i0.wp.com\/staging.asufin.com\/staging\/wp-content\/uploads\/2022\/08\/2019_ASUFIN_PAIS_VASCO_LOGO_HORIZ.png?resize=2048%2C753&amp;ssl=1 2048w, https:\/\/i0.wp.com\/staging.asufin.com\/staging\/wp-content\/uploads\/2022\/08\/2019_ASUFIN_PAIS_VASCO_LOGO_HORIZ.png?w=1600&amp;ssl=1 1600w, https:\/\/i0.wp.com\/staging.asufin.com\/staging\/wp-content\/uploads\/2022\/08\/2019_ASUFIN_PAIS_VASCO_LOGO_HORIZ.png?w=2400&amp;ssl=1 2400w\" sizes=\"(max-width: 800px) 100vw, 800px\" title=\"\">\t\t\t\t\t\t\t\t\t\t\t\t\t\t\t<\/div>\n\t\t\t\t<\/div>\n\t\t\t\t\t<\/div>\n\t\t<\/div>\n\t\t\t\t<div class=\"elementor-column elementor-col-50 elementor-inner-column elementor-element elementor-element-d52a62b\" data-id=\"d52a62b\" data-element_type=\"column\" data-settings=\"{&quot;background_background&quot;:&quot;classic&quot;}\">\n\t\t\t<div class=\"elementor-widget-wrap elementor-element-populated\">\n\t\t\t\t\t\t<div class=\"elementor-element elementor-element-0e67797 elementor-widget elementor-widget-image\" data-id=\"0e67797\" data-element_type=\"widget\" data-widget_type=\"image.default\">\n\t\t\t\t<div class=\"elementor-widget-container\">\n\t\t\t\t\t\t\t\t\t\t\t\t\t\t\t<img loading=\"lazy\" decoding=\"async\" data-attachment-id=\"109905\" data-permalink=\"https:\/\/staging.asufin.com\/staging\/?attachment_id=109905\" data-orig-file=\"https:\/\/i0.wp.com\/staging.asufin.com\/staging\/wp-content\/uploads\/2022\/08\/logo-vector-kontsumobide.jpg?fit=630%2C320&amp;ssl=1\" data-orig-size=\"630,320\" data-comments-opened=\"1\" data-image-meta=\"{&quot;aperture&quot;:&quot;0&quot;,&quot;credit&quot;:&quot;&quot;,&quot;camera&quot;:&quot;&quot;,&quot;caption&quot;:&quot;&quot;,&quot;created_timestamp&quot;:&quot;0&quot;,&quot;copyright&quot;:&quot;&quot;,&quot;focal_length&quot;:&quot;0&quot;,&quot;iso&quot;:&quot;0&quot;,&quot;shutter_speed&quot;:&quot;0&quot;,&quot;title&quot;:&quot;&quot;,&quot;orientation&quot;:&quot;0&quot;}\" data-image-title=\"logo-vector-kontsumobide\" data-image-description=\"\" data-image-caption=\"\" data-large-file=\"https:\/\/i0.wp.com\/staging.asufin.com\/staging\/wp-content\/uploads\/2022\/08\/logo-vector-kontsumobide.jpg?fit=630%2C320&amp;ssl=1\" width=\"630\" height=\"320\" src=\"https:\/\/i0.wp.com\/staging.asufin.com\/staging\/wp-content\/uploads\/2022\/08\/logo-vector-kontsumobide.jpg?fit=630%2C320&amp;ssl=1\" class=\"attachment-large size-large wp-image-109905\" alt=\"\" srcset=\"https:\/\/i0.wp.com\/staging.asufin.com\/staging\/wp-content\/uploads\/2022\/08\/logo-vector-kontsumobide.jpg?w=630&amp;ssl=1 630w, https:\/\/i0.wp.com\/staging.asufin.com\/staging\/wp-content\/uploads\/2022\/08\/logo-vector-kontsumobide.jpg?resize=300%2C152&amp;ssl=1 300w\" sizes=\"(max-width: 630px) 100vw, 630px\" title=\"\">\t\t\t\t\t\t\t\t\t\t\t\t\t\t\t<\/div>\n\t\t\t\t<\/div>\n\t\t\t\t\t<\/div>\n\t\t<\/div>\n\t\t\t\t\t<\/div>\n\t\t<\/section>\n\t\t\t\t\t<\/div>\n\t\t<\/div>\n\t\t\t\t\t<\/div>\n\t\t<\/section>\n\t\t\t\t<\/div>\n\t\t","protected":false},"excerpt":{"rendered":"<p>Proyectos&nbsp;ASUFIN Pa\u00eds Vasco En 2020 se funda ASUFIN Pa\u00eds Vasco que centra su actividad en ofrecer la cobertura legal y asesoramiento necesarios a l@s consumidor@s del Pa\u00eds Vasco. Desde el a\u00f1o 2022, cuenta con el apoyo del KontsumoBIDE (Instituto Vasco de Consumo). Proyecto 2022: &#8211; Atenci\u00f3n a las personas consumidoras. &#8211; Asesoramiento jur\u00eddico. El KotsumoBIDE [&hellip;]<\/p>\n","protected":false},"author":279,"featured_media":55067,"parent":0,"menu_order":0,"comment_status":"closed","ping_status":"closed","template":"","meta":{"_acf_changed":false,"footnotes":""},"categories":[],"class_list":["post-109966","page","type-page","status-publish","has-post-thumbnail","hentry"],"acf":[],"jetpack_shortlink":"https:\/\/wp.me\/PeayLa-sBE","jetpack_likes_enabled":false,"jetpack_sharing_enabled":true,"_links":{"self":[{"href":"https:\/\/staging.asufin.com\/staging\/wp-json\/wp\/v2\/pages\/109966","targetHints":{"allow":["GET"]}}],"collection":[{"href":"https:\/\/staging.asufin.com\/staging\/wp-json\/wp\/v2\/pages"}],"about":[{"href":"https:\/\/staging.asufin.com\/staging\/wp-json\/wp\/v2\/types\/page"}],"author":[{"embeddable":true,"href":"https:\/\/staging.asufin.com\/staging\/wp-json\/wp\/v2\/users\/279"}],"replies":[{"embeddable":true,"href":"https:\/\/staging.asufin.com\/staging\/wp-json\/wp\/v2\/comments?post=109966"}],"version-history":[{"count":4,"href":"https:\/\/staging.asufin.com\/staging\/wp-json\/wp\/v2\/pages\/109966\/revisions"}],"predecessor-version":[{"id":109973,"href":"https:\/\/staging.asufin.com\/staging\/wp-json\/wp\/v2\/pages\/109966\/revisions\/109973"}],"wp:featuredmedia":[{"embeddable":true,"href":"https:\/\/staging.asufin.com\/staging\/wp-json\/wp\/v2\/media\/55067"}],"wp:attachment":[{"href":"https:\/\/staging.asufin.com\/staging\/wp-json\/wp\/v2\/media?parent=109966"}],"wp:term":[{"taxonomy":"category","embeddable":true,"href":"https:\/\/staging.asufin.com\/staging\/wp-json\/wp\/v2\/categories?post=109966"}],"curies":[{"name":"wp","href":"https:\/\/api.w.org\/{rel}","templated":true}]}}