{"id":116359,"date":"2025-01-02T07:40:50","date_gmt":"2025-01-02T07:40:50","guid":{"rendered":"https:\/\/staging.asufin.com\/staging\/?page_id=116359"},"modified":"2025-12-22T10:49:18","modified_gmt":"2025-12-22T10:49:18","slug":"asufin-en-el-ccu","status":"publish","type":"page","link":"https:\/\/staging.asufin.com\/staging\/asufin-en-el-ccu\/","title":{"rendered":"ASUFIN en el CCU"},"content":{"rendered":"\t\t<div data-elementor-type=\"wp-page\" data-elementor-id=\"116359\" class=\"elementor elementor-116359\">\n\t\t\t\t\t\t<section class=\"elementor-section elementor-top-section elementor-element elementor-element-22475dc1 elementor-section-content-middle elementor-section-boxed elementor-section-height-default elementor-section-height-default\" data-id=\"22475dc1\" data-element_type=\"section\" data-settings=\"{&quot;background_background&quot;:&quot;classic&quot;}\">\n\t\t\t\t\t\t<div class=\"elementor-container elementor-column-gap-default\">\n\t\t\t\t\t<div class=\"elementor-column elementor-col-100 elementor-top-column elementor-element elementor-element-69d0267f\" data-id=\"69d0267f\" data-element_type=\"column\">\n\t\t\t<div class=\"elementor-widget-wrap elementor-element-populated\">\n\t\t\t\t\t\t<div class=\"elementor-element elementor-element-36b8c1f9 elementor-widget elementor-widget-heading\" data-id=\"36b8c1f9\" data-element_type=\"widget\" data-widget_type=\"heading.default\">\n\t\t\t\t<div class=\"elementor-widget-container\">\n\t\t\t\t\t<h1 class=\"elementor-heading-title elementor-size-default\">ASUFIN en el CCU<\/h1>\t\t\t\t<\/div>\n\t\t\t\t<\/div>\n\t\t\t\t\t<\/div>\n\t\t<\/div>\n\t\t\t\t\t<\/div>\n\t\t<\/section>\n\t\t\t\t<section class=\"elementor-section elementor-top-section elementor-element elementor-element-c810b2d elementor-reverse-mobile elementor-section-boxed elementor-section-height-default elementor-section-height-default\" data-id=\"c810b2d\" data-element_type=\"section\">\n\t\t\t\t\t\t<div class=\"elementor-container elementor-column-gap-default\">\n\t\t\t\t\t<div class=\"elementor-column elementor-col-50 elementor-top-column elementor-element elementor-element-189ca25\" data-id=\"189ca25\" data-element_type=\"column\">\n\t\t\t<div class=\"elementor-widget-wrap elementor-element-populated\">\n\t\t\t\t\t\t<div class=\"elementor-element elementor-element-af10a4f elementor-widget elementor-widget-text-editor\" data-id=\"af10a4f\" data-element_type=\"widget\" data-widget_type=\"text-editor.default\">\n\t\t\t\t<div class=\"elementor-widget-container\">\n\t\t\t\t\t\t\t\t\t<p><span style=\"color: #eb2b8e;\"><strong>ASUFIN y CCU<br \/><\/strong><\/span>Formamos parte<\/p>\t\t\t\t\t\t\t\t<\/div>\n\t\t\t\t<\/div>\n\t\t\t\t<div class=\"elementor-element elementor-element-05c09f6 elementor-widget elementor-widget-text-editor\" data-id=\"05c09f6\" data-element_type=\"widget\" data-widget_type=\"text-editor.default\">\n\t\t\t\t<div class=\"elementor-widget-container\">\n\t\t\t\t\t\t\t\t\t<p>En junio de 2023, <strong><a href=\"https:\/\/asufin.com\/\" target=\"_blank\" rel=\"noopener\">ASUFIN<\/a><\/strong> se incorpor\u00f3 al <strong><a href=\"https:\/\/portal-ccu.consumo.gob.es\/\" target=\"_blank\" rel=\"noopener\">Consejo de Consumidores y Usuarios<\/a><\/strong>, el <strong><a href=\"https:\/\/portal-ccu.consumo.gob.es\/\" target=\"_blank\" rel=\"noopener\">CCU<\/a><\/strong>, el m\u00e1ximo \u00f3rgano de representaci\u00f3n de las asociaciones de consumidores en nuestro pa\u00eds y de consulta ante a las Administraciones P\u00fablicas para la elaboraci\u00f3n de leyes.<\/p><p>Desde esta responsabilidad, velamos porque bancos, compa\u00f1\u00edas y administraciones p\u00fablicas sean conscientes de que la <strong>buena marcha econ\u00f3mica del pa\u00eds no es completa sin no preserva la salud de las finanzas familiares.<\/strong><\/p>\t\t\t\t\t\t\t\t<\/div>\n\t\t\t\t<\/div>\n\t\t\t\t\t<\/div>\n\t\t<\/div>\n\t\t\t\t<div class=\"elementor-column elementor-col-50 elementor-top-column elementor-element elementor-element-70fddfb\" data-id=\"70fddfb\" data-element_type=\"column\">\n\t\t\t<div class=\"elementor-widget-wrap elementor-element-populated\">\n\t\t\t\t\t\t<div class=\"elementor-element elementor-element-5ad2665 elementor-widget elementor-widget-image\" data-id=\"5ad2665\" data-element_type=\"widget\" data-widget_type=\"image.default\">\n\t\t\t\t<div class=\"elementor-widget-container\">\n\t\t\t\t\t\t\t\t\t\t\t\t\t\t\t<img fetchpriority=\"high\" decoding=\"async\" data-attachment-id=\"116396\" data-permalink=\"https:\/\/staging.asufin.com\/staging\/asufin-en-el-ccu\/ccu_asufin_1\/\" data-orig-file=\"https:\/\/i0.wp.com\/staging.asufin.com\/staging\/wp-content\/uploads\/2025\/01\/CCU_ASUFIN_1.jpg?fit=650%2C400&amp;ssl=1\" data-orig-size=\"650,400\" data-comments-opened=\"1\" data-image-meta=\"{&quot;aperture&quot;:&quot;0&quot;,&quot;credit&quot;:&quot;&quot;,&quot;camera&quot;:&quot;&quot;,&quot;caption&quot;:&quot;&quot;,&quot;created_timestamp&quot;:&quot;0&quot;,&quot;copyright&quot;:&quot;&quot;,&quot;focal_length&quot;:&quot;0&quot;,&quot;iso&quot;:&quot;0&quot;,&quot;shutter_speed&quot;:&quot;0&quot;,&quot;title&quot;:&quot;&quot;,&quot;orientation&quot;:&quot;1&quot;}\" data-image-title=\"CCU_ASUFIN_1\" data-image-description=\"\" data-image-caption=\"\" data-large-file=\"https:\/\/i0.wp.com\/staging.asufin.com\/staging\/wp-content\/uploads\/2025\/01\/CCU_ASUFIN_1.jpg?fit=650%2C400&amp;ssl=1\" width=\"650\" height=\"400\" src=\"https:\/\/i0.wp.com\/staging.asufin.com\/staging\/wp-content\/uploads\/2025\/01\/CCU_ASUFIN_1.jpg?fit=650%2C400&amp;ssl=1\" class=\"attachment-full size-full wp-image-116396\" alt=\"\" srcset=\"https:\/\/i0.wp.com\/staging.asufin.com\/staging\/wp-content\/uploads\/2025\/01\/CCU_ASUFIN_1.jpg?w=650&amp;ssl=1 650w, https:\/\/i0.wp.com\/staging.asufin.com\/staging\/wp-content\/uploads\/2025\/01\/CCU_ASUFIN_1.jpg?resize=300%2C185&amp;ssl=1 300w\" sizes=\"(max-width: 650px) 100vw, 650px\" title=\"\">\t\t\t\t\t\t\t\t\t\t\t\t\t\t\t<\/div>\n\t\t\t\t<\/div>\n\t\t\t\t\t<\/div>\n\t\t<\/div>\n\t\t\t\t\t<\/div>\n\t\t<\/section>\n\t\t\t\t<section class=\"elementor-section elementor-top-section elementor-element elementor-element-d184b11 elementor-section-boxed elementor-section-height-default elementor-section-height-default\" data-id=\"d184b11\" data-element_type=\"section\">\n\t\t\t\t\t\t<div class=\"elementor-container elementor-column-gap-default\">\n\t\t\t\t\t<div class=\"elementor-column elementor-col-50 elementor-top-column elementor-element elementor-element-b836b57\" data-id=\"b836b57\" data-element_type=\"column\">\n\t\t\t<div class=\"elementor-widget-wrap elementor-element-populated\">\n\t\t\t\t\t\t<div class=\"elementor-element elementor-element-93c6780 elementor-widget__width-initial elementor-widget elementor-widget-image\" data-id=\"93c6780\" data-element_type=\"widget\" data-widget_type=\"image.default\">\n\t\t\t\t<div class=\"elementor-widget-container\">\n\t\t\t\t\t\t\t\t\t\t\t\t\t\t\t<img decoding=\"async\" data-attachment-id=\"116395\" data-permalink=\"https:\/\/staging.asufin.com\/staging\/asufin-en-el-ccu\/organismo_ccu\/\" data-orig-file=\"https:\/\/i0.wp.com\/staging.asufin.com\/staging\/wp-content\/uploads\/2025\/01\/ORGANISMO_CCU.jpg?fit=650%2C400&amp;ssl=1\" data-orig-size=\"650,400\" data-comments-opened=\"1\" data-image-meta=\"{&quot;aperture&quot;:&quot;0&quot;,&quot;credit&quot;:&quot;&quot;,&quot;camera&quot;:&quot;&quot;,&quot;caption&quot;:&quot;&quot;,&quot;created_timestamp&quot;:&quot;0&quot;,&quot;copyright&quot;:&quot;&quot;,&quot;focal_length&quot;:&quot;0&quot;,&quot;iso&quot;:&quot;0&quot;,&quot;shutter_speed&quot;:&quot;0&quot;,&quot;title&quot;:&quot;&quot;,&quot;orientation&quot;:&quot;1&quot;}\" data-image-title=\"ORGANISMO_CCU\" data-image-description=\"\" data-image-caption=\"\" data-large-file=\"https:\/\/i0.wp.com\/staging.asufin.com\/staging\/wp-content\/uploads\/2025\/01\/ORGANISMO_CCU.jpg?fit=650%2C400&amp;ssl=1\" width=\"650\" height=\"400\" src=\"https:\/\/i0.wp.com\/staging.asufin.com\/staging\/wp-content\/uploads\/2025\/01\/ORGANISMO_CCU.jpg?fit=650%2C400&amp;ssl=1\" class=\"attachment-full size-full wp-image-116395\" alt=\"\" srcset=\"https:\/\/i0.wp.com\/staging.asufin.com\/staging\/wp-content\/uploads\/2025\/01\/ORGANISMO_CCU.jpg?w=650&amp;ssl=1 650w, https:\/\/i0.wp.com\/staging.asufin.com\/staging\/wp-content\/uploads\/2025\/01\/ORGANISMO_CCU.jpg?resize=300%2C185&amp;ssl=1 300w\" sizes=\"(max-width: 650px) 100vw, 650px\" title=\"\">\t\t\t\t\t\t\t\t\t\t\t\t\t\t\t<\/div>\n\t\t\t\t<\/div>\n\t\t\t\t\t<\/div>\n\t\t<\/div>\n\t\t\t\t<div class=\"elementor-column elementor-col-50 elementor-top-column elementor-element elementor-element-5047d8c\" data-id=\"5047d8c\" data-element_type=\"column\">\n\t\t\t<div class=\"elementor-widget-wrap elementor-element-populated\">\n\t\t\t\t\t\t<div class=\"elementor-element elementor-element-2c6b355 elementor-widget elementor-widget-text-editor\" data-id=\"2c6b355\" data-element_type=\"widget\" data-widget_type=\"text-editor.default\">\n\t\t\t\t<div class=\"elementor-widget-container\">\n\t\t\t\t\t\t\t\t\t<p><span style=\"color: #eb2b8e;\"><strong>CCU<br \/><\/strong><\/span>\u00bfQu\u00e9 es?<\/p>\t\t\t\t\t\t\t\t<\/div>\n\t\t\t\t<\/div>\n\t\t\t\t<div class=\"elementor-element elementor-element-2a0dfaa elementor-widget elementor-widget-text-editor\" data-id=\"2a0dfaa\" data-element_type=\"widget\" data-widget_type=\"text-editor.default\">\n\t\t\t\t<div class=\"elementor-widget-container\">\n\t\t\t\t\t\t\t\t\t<p>Es un \u00f3rgano constituido en 1991 que ejerce de consultivo ante todos los poderes p\u00fablicos para defender los intereses de los consumidores y usuarios e incidir en la toma de decisiones que se adopten en relaci\u00f3n con las pol\u00edticas de consumo.<\/p>\t\t\t\t\t\t\t\t<\/div>\n\t\t\t\t<\/div>\n\t\t\t\t<div class=\"elementor-element elementor-element-453746f elementor-widget elementor-widget-html\" data-id=\"453746f\" data-element_type=\"widget\" data-widget_type=\"html.default\">\n\t\t\t\t<div class=\"elementor-widget-container\">\n\t\t\t\t\t<div id=\"hs-form-reclama\"><\/div>\n\n<link rel=\"stylesheet\" type=\"text\/css\" href=\"https:\/\/staging.asufin.com\/staging\/css\/hubspot-form.css\">\n\n<script charset=\"utf-8\" type=\"text\/javascript\" src=\"\/\/js-eu1.hsforms.net\/forms\/embed\/v2.js\"><\/script>\n<script>\n  hbspt.forms.create({\n    portalId: \"26668296\",\n    formId: \"7b72c02e-3241-4d7e-b834-9532705c91df\",\n    region: \"eu1\",\n    target: \"#hs-form-reclama\"\n  });\n<\/script>\t\t\t\t<\/div>\n\t\t\t\t<\/div>\n\t\t\t\t\t<\/div>\n\t\t<\/div>\n\t\t\t\t\t<\/div>\n\t\t<\/section>\n\t\t\t\t<section class=\"elementor-section elementor-top-section elementor-element elementor-element-19de358 elementor-section-boxed elementor-section-height-default elementor-section-height-default\" data-id=\"19de358\" data-element_type=\"section\" data-settings=\"{&quot;background_background&quot;:&quot;classic&quot;}\">\n\t\t\t\t\t\t<div class=\"elementor-container elementor-column-gap-default\">\n\t\t\t\t\t<div class=\"elementor-column elementor-col-100 elementor-top-column elementor-element elementor-element-9a1043a\" data-id=\"9a1043a\" data-element_type=\"column\">\n\t\t\t<div class=\"elementor-widget-wrap elementor-element-populated\">\n\t\t\t\t\t\t<div class=\"elementor-element elementor-element-4af9dfb elementor-widget elementor-widget-text-editor\" data-id=\"4af9dfb\" data-element_type=\"widget\" data-widget_type=\"text-editor.default\">\n\t\t\t\t<div class=\"elementor-widget-container\">\n\t\t\t\t\t\t\t\t\t\u00daltimas<span style=\"color: #eb2b8e;\"><strong> noticias<\/strong><\/span>\t\t\t\t\t\t\t\t<\/div>\n\t\t\t\t<\/div>\n\t\t\t\t\t<\/div>\n\t\t<\/div>\n\t\t\t\t\t<\/div>\n\t\t<\/section>\n\t\t\t\t<\/div>\n\t\t","protected":false},"excerpt":{"rendered":"<p>ASUFIN en el CCU ASUFIN y CCUFormamos parte En junio de 2023, ASUFIN se incorpor\u00f3 al Consejo de Consumidores y Usuarios, el CCU, el m\u00e1ximo \u00f3rgano de representaci\u00f3n de las asociaciones de consumidores en nuestro pa\u00eds y de consulta ante a las Administraciones P\u00fablicas para la elaboraci\u00f3n de leyes. Desde esta responsabilidad, velamos porque bancos, [&hellip;]<\/p>\n","protected":false},"author":305,"featured_media":0,"parent":0,"menu_order":1,"comment_status":"closed","ping_status":"closed","template":"","meta":{"_acf_changed":false,"footnotes":""},"categories":[],"class_list":["post-116359","page","type-page","status-publish","hentry"],"acf":[],"jetpack_shortlink":"https:\/\/wp.me\/PeayLa-ugL","jetpack_likes_enabled":false,"jetpack_sharing_enabled":true,"_links":{"self":[{"href":"https:\/\/staging.asufin.com\/staging\/wp-json\/wp\/v2\/pages\/116359","targetHints":{"allow":["GET"]}}],"collection":[{"href":"https:\/\/staging.asufin.com\/staging\/wp-json\/wp\/v2\/pages"}],"about":[{"href":"https:\/\/staging.asufin.com\/staging\/wp-json\/wp\/v2\/types\/page"}],"author":[{"embeddable":true,"href":"https:\/\/staging.asufin.com\/staging\/wp-json\/wp\/v2\/users\/305"}],"replies":[{"embeddable":true,"href":"https:\/\/staging.asufin.com\/staging\/wp-json\/wp\/v2\/comments?post=116359"}],"version-history":[{"count":34,"href":"https:\/\/staging.asufin.com\/staging\/wp-json\/wp\/v2\/pages\/116359\/revisions"}],"predecessor-version":[{"id":117249,"href":"https:\/\/staging.asufin.com\/staging\/wp-json\/wp\/v2\/pages\/116359\/revisions\/117249"}],"wp:attachment":[{"href":"https:\/\/staging.asufin.com\/staging\/wp-json\/wp\/v2\/media?parent=116359"}],"wp:term":[{"taxonomy":"category","embeddable":true,"href":"https:\/\/staging.asufin.com\/staging\/wp-json\/wp\/v2\/categories?post=116359"}],"curies":[{"name":"wp","href":"https:\/\/api.w.org\/{rel}","templated":true}]}}