{"id":174,"date":"2017-10-02T15:12:33","date_gmt":"2017-10-02T13:12:33","guid":{"rendered":"http:\/\/asufin.com\/?page_id=174"},"modified":"2022-07-15T10:13:27","modified_gmt":"2022-07-15T10:13:27","slug":"politica-de-privacidad-y-proteccion-de-datos","status":"publish","type":"page","link":"https:\/\/staging.asufin.com\/staging\/politica-de-privacidad-y-proteccion-de-datos\/","title":{"rendered":"Pol\u00edtica de Privacidad y Protecci\u00f3n de Datos"},"content":{"rendered":"\t\t<div data-elementor-type=\"wp-page\" data-elementor-id=\"174\" class=\"elementor elementor-174\">\n\t\t\t\t\t\t<section class=\"elementor-section elementor-top-section elementor-element elementor-element-a0be6c5 elementor-section-boxed elementor-section-height-default elementor-section-height-default\" data-id=\"a0be6c5\" data-element_type=\"section\" data-settings=\"{&quot;background_background&quot;:&quot;classic&quot;}\">\n\t\t\t\t\t\t<div class=\"elementor-container elementor-column-gap-default\">\n\t\t\t\t\t<div class=\"elementor-column elementor-col-100 elementor-top-column elementor-element elementor-element-1a74fea\" data-id=\"1a74fea\" data-element_type=\"column\">\n\t\t\t<div class=\"elementor-widget-wrap elementor-element-populated\">\n\t\t\t\t\t\t<div class=\"elementor-element elementor-element-71fd039 elementor-widget elementor-widget-heading\" data-id=\"71fd039\" data-element_type=\"widget\" data-widget_type=\"heading.default\">\n\t\t\t\t<div class=\"elementor-widget-container\">\n\t\t\t\t\t<h1 class=\"elementor-heading-title elementor-size-default\">Pol\u00edtica de Privacidad <\/h1>\t\t\t\t<\/div>\n\t\t\t\t<\/div>\n\t\t\t\t\t<\/div>\n\t\t<\/div>\n\t\t\t\t\t<\/div>\n\t\t<\/section>\n\t\t\t\t<section class=\"elementor-section elementor-top-section elementor-element elementor-element-d1522ad elementor-section-boxed elementor-section-height-default elementor-section-height-default\" data-id=\"d1522ad\" data-element_type=\"section\">\n\t\t\t\t\t\t<div class=\"elementor-container elementor-column-gap-default\">\n\t\t\t\t\t<div class=\"elementor-column elementor-col-100 elementor-top-column elementor-element elementor-element-39646e7e\" data-id=\"39646e7e\" data-element_type=\"column\">\n\t\t\t<div class=\"elementor-widget-wrap elementor-element-populated\">\n\t\t\t\t\t\t<div class=\"elementor-element elementor-element-789bef47 elementor-widget elementor-widget-text-editor\" data-id=\"789bef47\" data-element_type=\"widget\" data-widget_type=\"text-editor.default\">\n\t\t\t\t<div class=\"elementor-widget-container\">\n\t\t\t\t\t\t\t\t\t<h4><strong>POL\u00cdTICA DE PRIVACIDAD DE ASUFIN<\/strong><\/h4>\n<p>Si est\u00e1s leyendo este documento quiere decir que est\u00e1s interesado en la actividad de ASUFIN, bien porque quieres darte de alta como socio, colaborador o suscriptor, o bien porque quieres contactar con nosotros por alg\u00fan motivo. Nos gusta que te hayas interesado por nosotros y, por ello, con el mismo inter\u00e9s, queremos informarte de nuestra Pol\u00edtica de Privacidad actualizada y contarte lo que hacemos con los datos personales que nos suministras, as\u00ed como aquellos que recabamos si navegas a trav\u00e9s de nuestra web.<\/p>\n<h4>1.&nbsp; QUI\u00c9NES SOMOS<\/h4>\n<p><strong>RESPONSABLE:<\/strong> Asociaci\u00f3n de Usuarios Financieros (en adelante, el \u201c<strong>ASUFIN<\/strong>\u201d)<\/p>\n<p><strong>DOMICILIO:<\/strong> Plaza de las Cortes, 4 . 4d, CP: 28014, Madrid.<\/p>\n<p><strong>N.I.F.:<\/strong> G85769743<\/p>\n<p><strong>E-MAIL:<\/strong> <a href=\"mailto:info@asufin.com\">info@asufin.com<\/a><\/p>\n<h4>2.&nbsp; INFORMACI\u00d3N Y CONSENTIMIENTO<\/h4>\n<p>De conformidad con lo dispuesto en la Reglamento UE 679\/2016 de Protecci\u00f3n de Datos (en adelante, \u201c<strong>RGPD<\/strong>\u201d), mediante la aceptaci\u00f3n de la presente Pol\u00edtica de Privacidad el interesado (en adelante, el \u201c<strong>Interesado<\/strong>\u201d) <strong>PRESTA SU CONSENTIMIENTO<\/strong> informado, expreso, libre e inequ\u00edvoco para tratar los datos personales recabados a trav\u00e9s de los siguientes medios:<\/p>\n<ul>\n<li>El Sitio Web <a href=\"https:\/\/asufin.com\" target=\"_blank\" rel=\"noopener\">https:\/\/asufin.com<\/a>, (en adelante, el \u201c<strong>Sitio Web<\/strong>\u201d), ya sea a trav\u00e9s de formularios de alta o asistencia a reuniones, o enviando un correo a la direcci\u00f3n de contacto<\/li>\n<li>Un formulario de alta o asistencia en un formato distinto al del Sitio Web<\/li>\n<li>Las redes sociales<\/li>\n<li>Eventos organizados por ASUFIN<\/li>\n<\/ul>\n<p>Asimismo el Interesado consiente que estos datos sean tratados por ASUFIN para prestar sus servicios aplicando las medidas organizativas y de seguridad requeridas por el RGPD.<\/p>\n<p>Todos los datos personales solicitados al Interesado en el Sitio Web y en los formularios de alta son obligatorios, no siendo posible el alta en ASUFIN si no se facilitan dichos datos. Ello no obstante, la navegaci\u00f3n en el Sitio Web es libre y gratuita.<\/p>\n<p>Asimismo, cuando los datos personales sean recabados a trav\u00e9s de <strong>otros formularios<\/strong> que se puedan habilitar en el Sitio Web con motivo del desarrollo de su actividad, ser\u00e1 necesario que el Interesado aporte, al menos, aquellos marcados con un asterisco ya que, si no se suministrasen esos datos considerados necesarios, no podremos prestar el servicio al Interesado a trav\u00e9s del Sitio Web.<\/p>\n<p>El Interesado garantiza que los datos personales facilitados a ASUFIN son ciertos y exactos, con lo que ASUFIN no se har\u00e1 responsable de cualquier incidencia derivada de la inexactitud o falsedad de la informaci\u00f3n proporcionada por los Interesados. El Interesado, como \u00fanico responsable del tratamiento, ser\u00e1 responsable de cumplir con toda la normativa de protecci\u00f3n de datos aplicable. Adem\u00e1s, el Interesado acepta obtener todos los consentimientos, autorizaciones y\/o aprobaciones legalmente necesarias antes de incluir datos personales en el Sitio Web, formularios o redes sociales pertinentes.<\/p>\n<p>ASUFIN no puede garantizar la absoluta invulnerabilidad de los sistemas, por tanto, no asume ninguna responsabilidad por los da\u00f1os y perjuicios derivados de alteraciones que terceros puedan causar en los sistemas inform\u00e1ticos, documentos electr\u00f3nicos o ficheros.<\/p>\n<h4>3.&nbsp; FINALIDAD DEL TRATAMIENTO<\/h4>\n<p>Los datos personales del Interesado o de terceros que sean cedidos por el Interesado ser\u00e1n tratados por ASUFIN <strong>\u00fanicamente<\/strong> para las siguientes finalidades:<\/p>\n<ul>\n<li>Gestionar y tramitar las altas de Interesados.<\/li>\n<li>Llevar a cabo las funcionalidades del Sitio Web o redes sociales respectivas.<\/li>\n<li>Remitir peri\u00f3dicamente <em>newsletters<\/em>, promociones y noticias relacionadas con nuestro Sitio Web, siempre y cuando el Interesado hubiera prestado su consentimiento expreso a tal efecto.<\/li>\n<li>Gestionar los tr\u00e1mites necesarios para el cumplimiento de la relaci\u00f3n existente entre ASUFIN y sus asociados o colaboradores.<\/li>\n<li>Atender las solicitudes de informaci\u00f3n en el caso de datos recabados a trav\u00e9s del correo electr\u00f3nico de contacto.<\/li>\n<li>Dar cumplimiento a las obligaciones legalmente establecidas.<\/li>\n<\/ul>\n<p><strong>En ning\u00fan caso<\/strong> realizaremos alguna de las siguientes actividades:<\/p>\n<ul>\n<li>Ceder los datos a otras personas o entidades, sin el consentimiento previo de los Interesados.<\/li>\n<\/ul>\n<ul>\n<li>Transferirlos a otros Estados, sin el consentimiento previo de los Interesados.<\/li>\n<\/ul>\n<p>Ello no obstante, ASUFIN podr\u00e1 permitir el acceso a los datos personales de lo Interesados cuando ello sea necesario para la prestaci\u00f3n de sus servicios, suscribiendo en tales casos un acuerdo de encargado de tratamiento con dichos proveedores. Dichos acuerdos en todo caso indicar\u00e1n que el encargado actuar\u00e1 por cuenta de ASUFIN, conforme a las finalidades de \u00e9sta y aplicando medidas de seguridad, as\u00ed como medidas t\u00e9cnicas y organizativas adecuadas que, en ning\u00fan caso, ser\u00e1n ofrecer\u00e1n menos protecci\u00f3n que las aplicadas por ASUFIN.<\/p>\n<h4>4.&nbsp; COMUNICACIONES<\/h4>\n<p>En el caso de que tratemos los datos personales proporcionados por parte de los Interesados para remitir comunicaciones electr\u00f3nicas con informaci\u00f3n relativa a noticias relevantes para los Interesados, \u00e9stas ser\u00e1n dirigidas \u00fanica y exclusivamente a aquellos usuarios que hubieran autorizado previamente y de forma expresa la recepci\u00f3n de las mismas, ya sea en el momento de su registro en el Sitio Web u otro soporte, o con posterioridad.<\/p>\n<p>De conformidad con lo establecido en la Ley 34\/2002, de 11 de julio, de Servicios de la Sociedad de la Informaci\u00f3n y del Comercio Electr\u00f3nico, en el caso de que el Interesado no desee recibir comunicaciones por parte del Titular,&nbsp;<strong>puede manifestar su negativa, enviando un email a la siguiente direcci\u00f3n de correo electr\u00f3nico: <\/strong><a href=\"mailto:info@asufin.com\">info@asufin.com<\/a>.<\/p>\n<h4>5.&nbsp; POL\u00cdTICA DE COOKIES<\/h4>\n<p>De conformidad con lo dispuesto por el RGPD y la Ley 34\/2002, de Servicios de la Sociedad de la Informaci\u00f3n, todos los datos de car\u00e1cter personal obtenidos mediante las cookies durante la utilizaci\u00f3n del Sitio Web, ser\u00e1n tratados de conformidad con los dispuesto en la <a href=\"http:\/\/www.asufin.com\/aviso-legal\/\" target=\"_blank\" rel=\"noopener\"><u>Pol\u00edtica de Cookies<\/u><\/a>.<\/p>\n<h4>6.&nbsp; EJERCICIO DE DERECHOS<\/h4>\n<p>De conformidad con lo dispuesto en el RGPD, le informamos que puede ejercer sus derechos de portabilidad, limitaci\u00f3n del tratamiento, acceso, rectificaci\u00f3n, cancelaci\u00f3n y oposici\u00f3n, solicit\u00e1ndolo por escrito, adjuntando en todo caso una copia de documento acreditativo de su identidad y concretando el derecho o derechos que desea ejercer, directamente a ASUFIN a trav\u00e9s del siguiente e-mail: <a href=\"mailto:info@asufin.com\">info@asufin.com<\/a>.<\/p>\n<h4>7.&nbsp; ACEPTACI\u00d3N DE LA POL\u00cdTICA DE PRIVACIDAD<\/h4>\n<p>El Interesado <strong>RECONOCE Y ACEPTA HABER LE\u00cdDO Y COMPRENDIDO<\/strong> la presente Pol\u00edtica de Privacidad cuyo contenido constituye la totalidad del acuerdo entre el Interesado y ASUFIN con respecto al uso y tratamiento de su informaci\u00f3n personal. El Interesado expresamente acepta obligarse en los t\u00e9rminos de la presente Pol\u00edtica de Privacidad, en toda su extensi\u00f3n y alcance, sin exceptuar cualquiera de sus disposiciones.<\/p>\n<p>ASUFIN se reserva el derecho de actualizar y realizar cambios en la Pol\u00edtica de Privacidad incluso sin mediar notificaci\u00f3n previa al Interesado. Tales modificaciones deber\u00e1n hacerse efectivas en el momento de su publicaci\u00f3n en el Sitio Web, donde estar\u00e1n disponible para el Interesado en todo momento. En este sentido, recomendamos al Interesado consultar regularmente el contenido de la Pol\u00edtica de Privacidad para estar al tanto de cualquier modificaci\u00f3n que afecte al procesamiento de datos dentro del Sitio Web.<\/p>\n<p><strong>Si no eres socio de ASUFIN<\/strong>, te informamos que al registrarte en nuestras newsletters (ASUFIN, Asufintech y ECO ASUFIN), en los eventos organizados por ASUFIN (online o presenciales) o completando los formularios de nuestras webs est\u00e1s aceptando ser <strong>socio simpatizante.&nbsp;<\/strong><\/p>\n<p>\u00daltima actualizaci\u00f3n: 01 de enero de 2021.<\/p>\n<p><strong>\u00a9 <\/strong>ASUFIN. <strong>Todos los derechos reservados.<\/strong><\/p>\t\t\t\t\t\t\t\t<\/div>\n\t\t\t\t<\/div>\n\t\t\t\t\t<\/div>\n\t\t<\/div>\n\t\t\t\t\t<\/div>\n\t\t<\/section>\n\t\t\t\t<\/div>\n\t\t","protected":false},"excerpt":{"rendered":"<p>Pol\u00edtica de Privacidad POL\u00cdTICA DE PRIVACIDAD DE ASUFIN Si est\u00e1s leyendo este documento quiere decir que est\u00e1s interesado en la actividad de ASUFIN, bien porque quieres darte de alta como socio, colaborador o suscriptor, o bien porque quieres contactar con nosotros por alg\u00fan motivo. Nos gusta que te hayas interesado por nosotros y, por ello, [&hellip;]<\/p>\n","protected":false},"author":2,"featured_media":0,"parent":0,"menu_order":10,"comment_status":"closed","ping_status":"closed","template":"","meta":{"_acf_changed":false,"footnotes":""},"categories":[],"class_list":["post-174","page","type-page","status-publish","hentry"],"acf":[],"jetpack_shortlink":"https:\/\/wp.me\/PeayLa-2O","jetpack_likes_enabled":false,"jetpack_sharing_enabled":true,"_links":{"self":[{"href":"https:\/\/staging.asufin.com\/staging\/wp-json\/wp\/v2\/pages\/174","targetHints":{"allow":["GET"]}}],"collection":[{"href":"https:\/\/staging.asufin.com\/staging\/wp-json\/wp\/v2\/pages"}],"about":[{"href":"https:\/\/staging.asufin.com\/staging\/wp-json\/wp\/v2\/types\/page"}],"author":[{"embeddable":true,"href":"https:\/\/staging.asufin.com\/staging\/wp-json\/wp\/v2\/users\/2"}],"replies":[{"embeddable":true,"href":"https:\/\/staging.asufin.com\/staging\/wp-json\/wp\/v2\/comments?post=174"}],"version-history":[{"count":25,"href":"https:\/\/staging.asufin.com\/staging\/wp-json\/wp\/v2\/pages\/174\/revisions"}],"predecessor-version":[{"id":107661,"href":"https:\/\/staging.asufin.com\/staging\/wp-json\/wp\/v2\/pages\/174\/revisions\/107661"}],"wp:attachment":[{"href":"https:\/\/staging.asufin.com\/staging\/wp-json\/wp\/v2\/media?parent=174"}],"wp:term":[{"taxonomy":"category","embeddable":true,"href":"https:\/\/staging.asufin.com\/staging\/wp-json\/wp\/v2\/categories?post=174"}],"curies":[{"name":"wp","href":"https:\/\/api.w.org\/{rel}","templated":true}]}}