{"id":3887,"date":"2020-12-02T13:27:24","date_gmt":"2020-12-02T12:27:24","guid":{"rendered":"https:\/\/tech.asufin.com\/?page_id=3887"},"modified":"2022-02-17T20:20:22","modified_gmt":"2022-02-17T20:20:22","slug":"recursos","status":"publish","type":"page","link":"https:\/\/staging.asufin.com\/staging\/recursos\/","title":{"rendered":"Otros Recursos"},"content":{"rendered":"\t\t<div data-elementor-type=\"wp-post\" data-elementor-id=\"3887\" class=\"elementor elementor-3887\">\n\t\t\t\t\t\t<section class=\"elementor-section elementor-top-section elementor-element elementor-element-2e22b42 elementor-section-full_width elementor-reverse-tablet elementor-reverse-mobile elementor-section-height-default elementor-section-height-default\" data-id=\"2e22b42\" data-element_type=\"section\" data-settings=\"{&quot;background_background&quot;:&quot;video&quot;,&quot;background_video_link&quot;:&quot;https:\\\/\\\/www.youtube.com\\\/watch?v=mAwxCZGdZtI&quot;,&quot;background_video_start&quot;:14,&quot;background_video_end&quot;:153,&quot;background_play_on_mobile&quot;:&quot;yes&quot;}\">\n\t\t\t\t\t\t\t\t<div class=\"elementor-background-video-container\" aria-hidden=\"true\">\n\t\t\t\t\t\t\t\t\t\t\t\t\t<div class=\"elementor-background-video-embed\"><\/div>\n\t\t\t\t\t\t\t\t\t\t\t\t<\/div>\n\t\t\t\t\t\t\t\t\t<div class=\"elementor-background-overlay\"><\/div>\n\t\t\t\t\t\t\t<div class=\"elementor-container elementor-column-gap-default\">\n\t\t\t\t\t<div class=\"elementor-column elementor-col-100 elementor-top-column elementor-element elementor-element-bfab225\" data-id=\"bfab225\" data-element_type=\"column\">\n\t\t\t<div class=\"elementor-widget-wrap elementor-element-populated\">\n\t\t\t\t\t\t<section class=\"elementor-section elementor-inner-section elementor-element elementor-element-1a36a8e animated-slow elementor-section-boxed elementor-section-height-default elementor-section-height-default elementor-invisible\" data-id=\"1a36a8e\" data-element_type=\"section\" data-settings=\"{&quot;background_background&quot;:&quot;video&quot;,&quot;animation&quot;:&quot;bounce&quot;}\">\n\t\t\t\t\t\t<div class=\"elementor-container elementor-column-gap-default\">\n\t\t\t\t\t<div class=\"elementor-column elementor-col-100 elementor-inner-column elementor-element elementor-element-635c2e2\" data-id=\"635c2e2\" data-element_type=\"column\">\n\t\t\t<div class=\"elementor-widget-wrap elementor-element-populated\">\n\t\t\t\t\t\t<div class=\"elementor-element elementor-element-d0df754 elementor-widget elementor-widget-heading\" data-id=\"d0df754\" data-element_type=\"widget\" data-widget_type=\"heading.default\">\n\t\t\t\t<div class=\"elementor-widget-container\">\n\t\t\t\t\t<h1 class=\"elementor-heading-title elementor-size-default\">Otros recursos<\/h1>\t\t\t\t<\/div>\n\t\t\t\t<\/div>\n\t\t\t\t<div class=\"elementor-element elementor-element-c189667 elementor-widget elementor-widget-heading\" data-id=\"c189667\" data-element_type=\"widget\" data-widget_type=\"heading.default\">\n\t\t\t\t<div class=\"elementor-widget-container\">\n\t\t\t\t\t<h2 class=\"elementor-heading-title elementor-size-default\">Accede a m\u00e1s informaci\u00f3n sobre Fintech<\/h2>\t\t\t\t<\/div>\n\t\t\t\t<\/div>\n\t\t\t\t\t<\/div>\n\t\t<\/div>\n\t\t\t\t\t<\/div>\n\t\t<\/section>\n\t\t\t\t\t<\/div>\n\t\t<\/div>\n\t\t\t\t\t<\/div>\n\t\t<\/section>\n\t\t\t\t<section class=\"elementor-section elementor-top-section elementor-element elementor-element-dfde9f5 elementor-section-boxed elementor-section-height-default elementor-section-height-default\" data-id=\"dfde9f5\" data-element_type=\"section\">\n\t\t\t\t\t\t<div class=\"elementor-container elementor-column-gap-default\">\n\t\t\t\t\t\t<\/div>\n\t\t<\/section>\n\t\t\t\t<section class=\"elementor-section elementor-top-section elementor-element elementor-element-c5adea1 elementor-section-boxed elementor-section-height-default elementor-section-height-default\" data-id=\"c5adea1\" data-element_type=\"section\">\n\t\t\t\t\t\t<div class=\"elementor-container elementor-column-gap-default\">\n\t\t\t\t\t<div class=\"elementor-column elementor-col-100 elementor-top-column elementor-element elementor-element-831d3f9\" data-id=\"831d3f9\" data-element_type=\"column\">\n\t\t\t<div class=\"elementor-widget-wrap elementor-element-populated\">\n\t\t\t\t\t\t<div class=\"elementor-element elementor-element-feaa897 elementor-widget elementor-widget-spacer\" data-id=\"feaa897\" data-element_type=\"widget\" data-widget_type=\"spacer.default\">\n\t\t\t\t<div class=\"elementor-widget-container\">\n\t\t\t\t\t\t\t<div class=\"elementor-spacer\">\n\t\t\t<div class=\"elementor-spacer-inner\"><\/div>\n\t\t<\/div>\n\t\t\t\t\t\t<\/div>\n\t\t\t\t<\/div>\n\t\t\t\t\t<\/div>\n\t\t<\/div>\n\t\t\t\t\t<\/div>\n\t\t<\/section>\n\t\t\t\t<section class=\"elementor-section elementor-top-section elementor-element elementor-element-231aef6 elementor-section-boxed elementor-section-height-default elementor-section-height-default\" data-id=\"231aef6\" data-element_type=\"section\">\n\t\t\t\t\t\t<div class=\"elementor-container elementor-column-gap-default\">\n\t\t\t\t\t<div class=\"elementor-column elementor-col-100 elementor-top-column elementor-element elementor-element-a7dc212\" data-id=\"a7dc212\" data-element_type=\"column\">\n\t\t\t<div class=\"elementor-widget-wrap elementor-element-populated\">\n\t\t\t\t\t\t<div class=\"elementor-element elementor-element-46e4d78 elementor-widget elementor-widget-text-editor\" data-id=\"46e4d78\" data-element_type=\"widget\" data-widget_type=\"text-editor.default\">\n\t\t\t\t<div class=\"elementor-widget-container\">\n\t\t\t\t\t\t\t\t\t<p><strong>\u00bfQu\u00e9 significa Fintech?<\/strong> \u00bfQu\u00e9 ventajas y riesgos tiene para los usuarios financieros? Desde <a href=\"https:\/\/staging.asufin.com\/staging\/\" target=\"_blank\" rel=\"noopener\">ASUFIN<\/a> queremos responder a estas preguntas y formar a los consumidores, por lo que ponemos a su disposici\u00f3n gran cantidad de recursos.<\/p>\t\t\t\t\t\t\t\t<\/div>\n\t\t\t\t<\/div>\n\t\t\t\t\t<\/div>\n\t\t<\/div>\n\t\t\t\t\t<\/div>\n\t\t<\/section>\n\t\t\t\t<section class=\"elementor-section elementor-top-section elementor-element elementor-element-abd9f59 elementor-section-boxed elementor-section-height-default elementor-section-height-default\" data-id=\"abd9f59\" data-element_type=\"section\">\n\t\t\t\t\t\t<div class=\"elementor-container elementor-column-gap-default\">\n\t\t\t\t\t<div class=\"elementor-column elementor-col-50 elementor-top-column elementor-element elementor-element-be69e7f\" data-id=\"be69e7f\" data-element_type=\"column\">\n\t\t\t<div class=\"elementor-widget-wrap elementor-element-populated\">\n\t\t\t\t\t\t<div class=\"elementor-element elementor-element-0564fa2 elementor-widget elementor-widget-spacer\" data-id=\"0564fa2\" data-element_type=\"widget\" data-widget_type=\"spacer.default\">\n\t\t\t\t<div class=\"elementor-widget-container\">\n\t\t\t\t\t\t\t<div class=\"elementor-spacer\">\n\t\t\t<div class=\"elementor-spacer-inner\"><\/div>\n\t\t<\/div>\n\t\t\t\t\t\t<\/div>\n\t\t\t\t<\/div>\n\t\t\t\t<div class=\"elementor-element elementor-element-ed2e8ea elementor-widget elementor-widget-text-editor\" data-id=\"ed2e8ea\" data-element_type=\"widget\" data-widget_type=\"text-editor.default\">\n\t\t\t\t<div class=\"elementor-widget-container\">\n\t\t\t\t\t\t\t\t\t<p><img decoding=\"async\" data-recalc-dims=\"1\" class=\"aligncenter wp-image-4784 size-thumbnail\" src=\"https:\/\/i0.wp.com\/tech.asufin.com\/wp-content\/uploads\/2021\/02\/glosario_asufintech-150x150.png?resize=150%2C150&#038;ssl=1\" alt=\"Glosario Asufintech\" width=\"150\" height=\"150\" title=\"\"><\/p>\t\t\t\t\t\t\t\t<\/div>\n\t\t\t\t<\/div>\n\t\t\t\t\t<\/div>\n\t\t<\/div>\n\t\t\t\t<div class=\"elementor-column elementor-col-50 elementor-top-column elementor-element elementor-element-1a8719e\" data-id=\"1a8719e\" data-element_type=\"column\">\n\t\t\t<div class=\"elementor-widget-wrap elementor-element-populated\">\n\t\t\t\t\t\t<div class=\"elementor-element elementor-element-960efec elementor-widget elementor-widget-spacer\" data-id=\"960efec\" data-element_type=\"widget\" data-widget_type=\"spacer.default\">\n\t\t\t\t<div class=\"elementor-widget-container\">\n\t\t\t\t\t\t\t<div class=\"elementor-spacer\">\n\t\t\t<div class=\"elementor-spacer-inner\"><\/div>\n\t\t<\/div>\n\t\t\t\t\t\t<\/div>\n\t\t\t\t<\/div>\n\t\t\t\t<div class=\"elementor-element elementor-element-a4e2645 elementor-widget elementor-widget-text-editor\" data-id=\"a4e2645\" data-element_type=\"widget\" data-widget_type=\"text-editor.default\">\n\t\t\t\t<div class=\"elementor-widget-container\">\n\t\t\t\t\t\t\t\t\t<h4 style=\"text-align: center;\">Glosario<\/h4>\n\u00bfBig Data? \u00bfBitcoin? \u00bfBlockchain? \u00bfCrowdlending? Descubre nuestro glosario sobre t\u00e9rminos de fintech.\n<ul>\n \t<li>Ver <a href=\"https:\/\/staging.asufin.com\/staging\/tech\/glosario\/\" target=\"_blank\" rel=\"noopener\">glosario<\/a><\/li>\n<\/ul>\t\t\t\t\t\t\t\t<\/div>\n\t\t\t\t<\/div>\n\t\t\t\t\t<\/div>\n\t\t<\/div>\n\t\t\t\t\t<\/div>\n\t\t<\/section>\n\t\t\t\t<section class=\"elementor-section elementor-top-section elementor-element elementor-element-e772c6a elementor-section-boxed elementor-section-height-default elementor-section-height-default\" data-id=\"e772c6a\" data-element_type=\"section\">\n\t\t\t\t\t\t<div class=\"elementor-container elementor-column-gap-default\">\n\t\t\t\t\t<div class=\"elementor-column elementor-col-50 elementor-top-column elementor-element elementor-element-1477d3d\" data-id=\"1477d3d\" data-element_type=\"column\">\n\t\t\t<div class=\"elementor-widget-wrap elementor-element-populated\">\n\t\t\t\t\t\t<div class=\"elementor-element elementor-element-ed7e763 elementor-widget elementor-widget-spacer\" data-id=\"ed7e763\" data-element_type=\"widget\" data-widget_type=\"spacer.default\">\n\t\t\t\t<div class=\"elementor-widget-container\">\n\t\t\t\t\t\t\t<div class=\"elementor-spacer\">\n\t\t\t<div class=\"elementor-spacer-inner\"><\/div>\n\t\t<\/div>\n\t\t\t\t\t\t<\/div>\n\t\t\t\t<\/div>\n\t\t\t\t<div class=\"elementor-element elementor-element-92d62cd elementor-widget elementor-widget-text-editor\" data-id=\"92d62cd\" data-element_type=\"widget\" data-widget_type=\"text-editor.default\">\n\t\t\t\t<div class=\"elementor-widget-container\">\n\t\t\t\t\t\t\t\t\t<p><img decoding=\"async\" data-recalc-dims=\"1\" class=\"aligncenter wp-image-4780 size-thumbnail\" src=\"https:\/\/i0.wp.com\/tech.asufin.com\/wp-content\/uploads\/2021\/02\/blog_noticias_asufintech-150x150.png?resize=150%2C150&#038;ssl=1\" alt=\"Blog de noticias Asufintech\" width=\"150\" height=\"150\" title=\"\"><\/p>\t\t\t\t\t\t\t\t<\/div>\n\t\t\t\t<\/div>\n\t\t\t\t\t<\/div>\n\t\t<\/div>\n\t\t\t\t<div class=\"elementor-column elementor-col-50 elementor-top-column elementor-element elementor-element-e285493\" data-id=\"e285493\" data-element_type=\"column\">\n\t\t\t<div class=\"elementor-widget-wrap elementor-element-populated\">\n\t\t\t\t\t\t<div class=\"elementor-element elementor-element-57f8124 elementor-widget elementor-widget-spacer\" data-id=\"57f8124\" data-element_type=\"widget\" data-widget_type=\"spacer.default\">\n\t\t\t\t<div class=\"elementor-widget-container\">\n\t\t\t\t\t\t\t<div class=\"elementor-spacer\">\n\t\t\t<div class=\"elementor-spacer-inner\"><\/div>\n\t\t<\/div>\n\t\t\t\t\t\t<\/div>\n\t\t\t\t<\/div>\n\t\t\t\t<div class=\"elementor-element elementor-element-79e0d79 elementor-widget elementor-widget-text-editor\" data-id=\"79e0d79\" data-element_type=\"widget\" data-widget_type=\"text-editor.default\">\n\t\t\t\t<div class=\"elementor-widget-container\">\n\t\t\t\t\t\t\t\t\t<h4 style=\"text-align: center;\">Nuestro blog<\/h4>\nEn nuestro blog de noticias te ofrecemos un espacio donde poder aprender m\u00e1s sobre fintech y estar al tanto de la actualidad.\n<ul>\n \t<li>Noticias sobre <a href=\"https:\/\/staging.asufin.com\/staging\/tech\/el-proyecto\/fintech\/\" target=\"_blank\" rel=\"noopener\">fintech<\/a><\/li>\n \t<li>Noticias sobre <a href=\"https:\/\/staging.asufin.com\/staging\/tech\/el-proyecto\/financiacion-participativa\/\" target=\"_blank\" rel=\"noopener\">financiaci\u00f3n participativa<\/a><\/li>\n \t<li>Noticias sobre <a href=\"https:\/\/staging.asufin.com\/staging\/tech\/el-proyecto\/sistemas-de-pagos\/\" target=\"_blank\" rel=\"noopener\">pagos<\/a><\/li>\n \t<li>Noticias sobre <a href=\"https:\/\/staging.asufin.com\/staging\/tech\/el-proyecto\/inversion\/\" target=\"_blank\" rel=\"noopener\">inversi\u00f3n<\/a><\/li>\n \t<li>Noticias sobre <a href=\"https:\/\/staging.asufin.com\/staging\/tech\/el-proyecto\/insurtech\/\" target=\"_blank\" rel=\"noopener\">insurtech<\/a><\/li>\n<\/ul>\t\t\t\t\t\t\t\t<\/div>\n\t\t\t\t<\/div>\n\t\t\t\t\t<\/div>\n\t\t<\/div>\n\t\t\t\t\t<\/div>\n\t\t<\/section>\n\t\t\t\t<section class=\"elementor-section elementor-top-section elementor-element elementor-element-50b702d elementor-section-boxed elementor-section-height-default elementor-section-height-default\" data-id=\"50b702d\" data-element_type=\"section\">\n\t\t\t\t\t\t<div class=\"elementor-container elementor-column-gap-default\">\n\t\t\t\t\t<div class=\"elementor-column elementor-col-50 elementor-top-column elementor-element elementor-element-ba18895\" data-id=\"ba18895\" data-element_type=\"column\">\n\t\t\t<div class=\"elementor-widget-wrap elementor-element-populated\">\n\t\t\t\t\t\t<div class=\"elementor-element elementor-element-e0105a1 elementor-widget elementor-widget-spacer\" data-id=\"e0105a1\" data-element_type=\"widget\" data-widget_type=\"spacer.default\">\n\t\t\t\t<div class=\"elementor-widget-container\">\n\t\t\t\t\t\t\t<div class=\"elementor-spacer\">\n\t\t\t<div class=\"elementor-spacer-inner\"><\/div>\n\t\t<\/div>\n\t\t\t\t\t\t<\/div>\n\t\t\t\t<\/div>\n\t\t\t\t<div class=\"elementor-element elementor-element-b1d1edd elementor-widget elementor-widget-text-editor\" data-id=\"b1d1edd\" data-element_type=\"widget\" data-widget_type=\"text-editor.default\">\n\t\t\t\t<div class=\"elementor-widget-container\">\n\t\t\t\t\t\t\t\t\t<p><img decoding=\"async\" data-recalc-dims=\"1\" class=\"aligncenter wp-image-3898 size-thumbnail\" src=\"https:\/\/i0.wp.com\/tech.asufin.com\/wp-content\/uploads\/2020\/12\/otros_asufintech-150x150.png?resize=150%2C150&#038;ssl=1\" alt=\"\" width=\"150\" height=\"150\" title=\"\"><\/p>\t\t\t\t\t\t\t\t<\/div>\n\t\t\t\t<\/div>\n\t\t\t\t\t<\/div>\n\t\t<\/div>\n\t\t\t\t<div class=\"elementor-column elementor-col-50 elementor-top-column elementor-element elementor-element-651f166\" data-id=\"651f166\" data-element_type=\"column\">\n\t\t\t<div class=\"elementor-widget-wrap elementor-element-populated\">\n\t\t\t\t\t\t<div class=\"elementor-element elementor-element-340559c elementor-widget elementor-widget-spacer\" data-id=\"340559c\" data-element_type=\"widget\" data-widget_type=\"spacer.default\">\n\t\t\t\t<div class=\"elementor-widget-container\">\n\t\t\t\t\t\t\t<div class=\"elementor-spacer\">\n\t\t\t<div class=\"elementor-spacer-inner\"><\/div>\n\t\t<\/div>\n\t\t\t\t\t\t<\/div>\n\t\t\t\t<\/div>\n\t\t\t\t<div class=\"elementor-element elementor-element-e929077 elementor-widget elementor-widget-text-editor\" data-id=\"e929077\" data-element_type=\"widget\" data-widget_type=\"text-editor.default\">\n\t\t\t\t<div class=\"elementor-widget-container\">\n\t\t\t\t\t\t\t\t\t<h4 style=\"text-align: center;\">Otros recursos<\/h4>\nEnglobado en el marco de nuestro proyecto Educaci\u00f3n Financiera y Digital 2021, hemos preparado material formativo de consulta y descarga con consejos y claves de inter\u00e9s para los consumidores. Adem\u00e1s, contamos con nuestro blog de noticias para mantenerte informado y nuestra campa\u00f1a en radio:\n<ul>\n \t<li>Infograf\u00eda Ciberseguridad<\/li>\n \t<li>Descargar\u00a0<a href=\"https:\/\/tech.asufin.com\/wp-content\/uploads\/2021\/10\/CIBERSEGURIDAD_TIPOS_DE_CIBERATAQUES-2.pdf\" target=\"_blank\" rel=\"noopener\">aqu\u00ed<\/a><\/li>\n \t<li>Infograf\u00eda Criptoactivos<\/li>\n \t<li>Descargar <a href=\"https:\/\/tech.asufin.com\/wp-content\/uploads\/2021\/10\/CRIPTOMONEDAS-1.pdf\" target=\"_blank\" rel=\"noopener\">aqu\u00ed<\/a><\/li>\n \t<li>Infograf\u00eda para Educaci\u00f3n Primaria<\/li>\n \t<li>Descargar <a href=\"https:\/\/tech.asufin.com\/wp-content\/uploads\/2021\/11\/FINANZAS-PARA-NINOS.pdf\" target=\"_blank\" rel=\"noopener\">aqu\u00ed<\/a><\/li>\n \t<li>Ver <a href=\"https:\/\/tech.asufin.com\/wp-content\/uploads\/2021\/09\/ASUFIN-SEP-21.mp3\" target=\"_blank\" rel=\"noopener\">Campa\u00f1a en Radio<\/a><\/li>\n \t<li>Ver\u00a0<a href=\"https:\/\/staging.asufin.com\/staging\/categoria\/asufin-cast\/asufin-tech\/\" target=\"_blank\" rel=\"noopener\">Blog de noticias<\/a><\/li>\n<\/ul>\n<ul>\n \t<li><strong>Cartel<\/strong> del proyecto servicios financieros y tecno finanzas tras el Covid-19\n<ul>\n \t<li>Descargar\u00a0<a href=\"https:\/\/tech.asufin.com\/wp-content\/uploads\/2020\/12\/2020_AAFF_CARTEL_ASUFINTECH.pdf\" target=\"_blank\" rel=\"noopener\">aqu\u00ed<\/a><\/li>\n<\/ul>\n<\/li>\n<\/ul>\n<div><\/div>\n<ul>\n \t<li><strong>Cuartilla<\/strong> QR del proyecto servicios financieros y tecno finanzas tras el Covid-19\n<ul>\n \t<li>Descargar\u00a0<a href=\"https:\/\/tech.asufin.com\/wp-content\/uploads\/2020\/12\/AAFF_CUARTILLA_QR_ASUFINtech.pdf\" target=\"_blank\" rel=\"noopener\">aqu\u00ed<\/a><\/li>\n<\/ul>\n<\/li>\n<\/ul>\t\t\t\t\t\t\t\t<\/div>\n\t\t\t\t<\/div>\n\t\t\t\t\t<\/div>\n\t\t<\/div>\n\t\t\t\t\t<\/div>\n\t\t<\/section>\n\t\t\t\t<section class=\"elementor-section elementor-top-section elementor-element elementor-element-dca07b1 elementor-section-boxed elementor-section-height-default elementor-section-height-default\" data-id=\"dca07b1\" data-element_type=\"section\">\n\t\t\t\t\t\t<div class=\"elementor-container elementor-column-gap-default\">\n\t\t\t\t\t<div class=\"elementor-column elementor-col-100 elementor-top-column elementor-element elementor-element-ad2b103\" data-id=\"ad2b103\" data-element_type=\"column\">\n\t\t\t<div class=\"elementor-widget-wrap elementor-element-populated\">\n\t\t\t\t\t\t<div class=\"elementor-element elementor-element-770f9a0 elementor-widget elementor-widget-spacer\" data-id=\"770f9a0\" data-element_type=\"widget\" data-widget_type=\"spacer.default\">\n\t\t\t\t<div class=\"elementor-widget-container\">\n\t\t\t\t\t\t\t<div class=\"elementor-spacer\">\n\t\t\t<div class=\"elementor-spacer-inner\"><\/div>\n\t\t<\/div>\n\t\t\t\t\t\t<\/div>\n\t\t\t\t<\/div>\n\t\t\t\t\t<\/div>\n\t\t<\/div>\n\t\t\t\t\t<\/div>\n\t\t<\/section>\n\t\t\t\t<section class=\"elementor-section elementor-top-section elementor-element elementor-element-22d88c8 elementor-section-boxed elementor-section-height-default elementor-section-height-default\" data-id=\"22d88c8\" data-element_type=\"section\">\n\t\t\t\t\t\t<div class=\"elementor-container elementor-column-gap-default\">\n\t\t\t\t\t<div class=\"elementor-column elementor-col-100 elementor-top-column elementor-element elementor-element-6272676\" data-id=\"6272676\" data-element_type=\"column\">\n\t\t\t<div class=\"elementor-widget-wrap elementor-element-populated\">\n\t\t\t\t\t\t<div class=\"elementor-element elementor-element-2f1748d elementor-widget elementor-widget-spacer\" data-id=\"2f1748d\" data-element_type=\"widget\" data-widget_type=\"spacer.default\">\n\t\t\t\t<div class=\"elementor-widget-container\">\n\t\t\t\t\t\t\t<div class=\"elementor-spacer\">\n\t\t\t<div class=\"elementor-spacer-inner\"><\/div>\n\t\t<\/div>\n\t\t\t\t\t\t<\/div>\n\t\t\t\t<\/div>\n\t\t\t\t\t<\/div>\n\t\t<\/div>\n\t\t\t\t\t<\/div>\n\t\t<\/section>\n\t\t\t\t<section class=\"elementor-section elementor-top-section elementor-element elementor-element-b1eed2f elementor-section-boxed elementor-section-height-default elementor-section-height-default\" data-id=\"b1eed2f\" data-element_type=\"section\" data-settings=\"{&quot;background_background&quot;:&quot;classic&quot;}\">\n\t\t\t\t\t\t<div class=\"elementor-container elementor-column-gap-default\">\n\t\t\t\t\t<div class=\"elementor-column elementor-col-100 elementor-top-column elementor-element elementor-element-9340c24\" data-id=\"9340c24\" data-element_type=\"column\">\n\t\t\t<div class=\"elementor-widget-wrap elementor-element-populated\">\n\t\t\t\t\t\t<div class=\"elementor-element elementor-element-9ef89f7 elementor-widget elementor-widget-text-editor\" data-id=\"9ef89f7\" data-element_type=\"widget\" data-widget_type=\"text-editor.default\">\n\t\t\t\t<div class=\"elementor-widget-container\">\n\t\t\t\t\t\t\t\t\t<p>\u00daltimas noticias<\/p>\t\t\t\t\t\t\t\t<\/div>\n\t\t\t\t<\/div>\n\t\t\t\t\t<\/div>\n\t\t<\/div>\n\t\t\t\t\t<\/div>\n\t\t<\/section>\n\t\t\t\t<section class=\"elementor-section elementor-inner-section elementor-element elementor-element-50504ce8 elementor-section-height-min-height elementor-section-boxed elementor-section-height-default\" data-id=\"50504ce8\" data-element_type=\"section\" data-settings=\"{&quot;background_background&quot;:&quot;gradient&quot;}\">\n\t\t\t\t\t\t\t<div class=\"elementor-background-overlay\"><\/div>\n\t\t\t\t\t\t\t<div class=\"elementor-container elementor-column-gap-default\">\n\t\t\t\t\t<div class=\"elementor-column elementor-col-50 elementor-inner-column elementor-element elementor-element-4c3fe81\" data-id=\"4c3fe81\" data-element_type=\"column\">\n\t\t\t<div class=\"elementor-widget-wrap elementor-element-populated\">\n\t\t\t\t\t\t<div class=\"elementor-element elementor-element-21ddc97 elementor-widget elementor-widget-text-editor\" data-id=\"21ddc97\" data-element_type=\"widget\" data-widget_type=\"text-editor.default\">\n\t\t\t\t<div class=\"elementor-widget-container\">\n\t\t\t\t\t\t\t\t\t<p>Contacta con nosotros<\/p>\t\t\t\t\t\t\t\t<\/div>\n\t\t\t\t<\/div>\n\t\t\t\t\t<\/div>\n\t\t<\/div>\n\t\t\t\t<div class=\"elementor-column elementor-col-50 elementor-inner-column elementor-element elementor-element-41aaa35f\" data-id=\"41aaa35f\" data-element_type=\"column\">\n\t\t\t<div class=\"elementor-widget-wrap elementor-element-populated\">\n\t\t\t\t\t\t<div class=\"elementor-element elementor-element-252b027e elementor-widget elementor-widget-heading\" data-id=\"252b027e\" data-element_type=\"widget\" data-widget_type=\"heading.default\">\n\t\t\t\t<div class=\"elementor-widget-container\">\n\t\t\t\t\t<h2 class=\"elementor-heading-title elementor-size-default\">Suscr\u00edbete a nuestra newsletter<\/h2>\t\t\t\t<\/div>\n\t\t\t\t<\/div>\n\t\t\t\t<div class=\"elementor-element elementor-element-387a5b05 elementor-widget elementor-widget-heading\" data-id=\"387a5b05\" data-element_type=\"widget\" data-widget_type=\"heading.default\">\n\t\t\t\t<div class=\"elementor-widget-container\">\n\t\t\t\t\t<h3 class=\"elementor-heading-title elementor-size-default\">Todas las noticias de Asufin.tech en tu mail<\/h3>\t\t\t\t<\/div>\n\t\t\t\t<\/div>\n\t\t\t\t<div class=\"elementor-element elementor-element-21567691 elementor-widget elementor-widget-spacer\" data-id=\"21567691\" data-element_type=\"widget\" data-widget_type=\"spacer.default\">\n\t\t\t\t<div class=\"elementor-widget-container\">\n\t\t\t\t\t\t\t<div class=\"elementor-spacer\">\n\t\t\t<div class=\"elementor-spacer-inner\"><\/div>\n\t\t<\/div>\n\t\t\t\t\t\t<\/div>\n\t\t\t\t<\/div>\n\t\t\t\t\t<\/div>\n\t\t<\/div>\n\t\t\t\t\t<\/div>\n\t\t<\/section>\n\t\t\t\t<\/div>\n\t\t","protected":false},"excerpt":{"rendered":"<p>Otros recursos Accede a m\u00e1s informaci\u00f3n sobre Fintech \u00bfQu\u00e9 significa Fintech? \u00bfQu\u00e9 ventajas y riesgos tiene para los usuarios financieros? Desde ASUFIN queremos responder a estas preguntas y formar a los consumidores, por lo que ponemos a su disposici\u00f3n gran cantidad de recursos. Glosario \u00bfBig Data? \u00bfBitcoin? \u00bfBlockchain? \u00bfCrowdlending? Descubre nuestro glosario sobre t\u00e9rminos de [&hellip;]<\/p>\n","protected":false},"author":279,"featured_media":83,"parent":0,"menu_order":0,"comment_status":"closed","ping_status":"closed","template":"elementor_header_footer","meta":{"_acf_changed":false,"footnotes":""},"categories":[],"class_list":["post-3887","page","type-page","status-publish","has-post-thumbnail","hentry"],"acf":[],"jetpack_shortlink":"https:\/\/wp.me\/PeayLa-10H","jetpack_likes_enabled":false,"jetpack_sharing_enabled":true,"_links":{"self":[{"href":"https:\/\/staging.asufin.com\/staging\/wp-json\/wp\/v2\/pages\/3887","targetHints":{"allow":["GET"]}}],"collection":[{"href":"https:\/\/staging.asufin.com\/staging\/wp-json\/wp\/v2\/pages"}],"about":[{"href":"https:\/\/staging.asufin.com\/staging\/wp-json\/wp\/v2\/types\/page"}],"author":[{"embeddable":true,"href":"https:\/\/staging.asufin.com\/staging\/wp-json\/wp\/v2\/users\/279"}],"replies":[{"embeddable":true,"href":"https:\/\/staging.asufin.com\/staging\/wp-json\/wp\/v2\/comments?post=3887"}],"version-history":[{"count":7,"href":"https:\/\/staging.asufin.com\/staging\/wp-json\/wp\/v2\/pages\/3887\/revisions"}],"predecessor-version":[{"id":85861,"href":"https:\/\/staging.asufin.com\/staging\/wp-json\/wp\/v2\/pages\/3887\/revisions\/85861"}],"wp:featuredmedia":[{"embeddable":true,"href":"https:\/\/staging.asufin.com\/staging\/wp-json\/"}],"wp:attachment":[{"href":"https:\/\/staging.asufin.com\/staging\/wp-json\/wp\/v2\/media?parent=3887"}],"wp:term":[{"taxonomy":"category","embeddable":true,"href":"https:\/\/staging.asufin.com\/staging\/wp-json\/wp\/v2\/categories?post=3887"}],"curies":[{"name":"wp","href":"https:\/\/api.w.org\/{rel}","templated":true}]}}