{"id":54714,"date":"2020-09-10T13:55:37","date_gmt":"2020-09-10T11:55:37","guid":{"rendered":"https:\/\/www.asufin.com\/?page_id=54714"},"modified":"2022-06-21T08:13:31","modified_gmt":"2022-06-21T08:13:31","slug":"reclama","status":"publish","type":"page","link":"https:\/\/staging.asufin.com\/staging\/reclama\/","title":{"rendered":"Reclama"},"content":{"rendered":"\t\t<div data-elementor-type=\"wp-page\" data-elementor-id=\"54714\" class=\"elementor elementor-54714\">\n\t\t\t\t\t\t<section class=\"elementor-section elementor-top-section elementor-element elementor-element-541610c5 elementor-section-height-min-height elementor-section-boxed elementor-section-height-default elementor-section-items-middle\" data-id=\"541610c5\" data-element_type=\"section\" data-settings=\"{&quot;background_background&quot;:&quot;classic&quot;}\">\n\t\t\t\t\t\t<div class=\"elementor-container elementor-column-gap-default\">\n\t\t\t\t\t<div class=\"elementor-column elementor-col-100 elementor-top-column elementor-element elementor-element-432fe35\" data-id=\"432fe35\" data-element_type=\"column\">\n\t\t\t<div class=\"elementor-widget-wrap elementor-element-populated\">\n\t\t\t\t\t\t<div class=\"elementor-element elementor-element-486f103d elementor-widget elementor-widget-heading\" data-id=\"486f103d\" data-element_type=\"widget\" data-widget_type=\"heading.default\">\n\t\t\t\t<div class=\"elementor-widget-container\">\n\t\t\t\t\t<h1 class=\"elementor-heading-title elementor-size-default\">Reclama<\/h1>\t\t\t\t<\/div>\n\t\t\t\t<\/div>\n\t\t\t\t\t<\/div>\n\t\t<\/div>\n\t\t\t\t\t<\/div>\n\t\t<\/section>\n\t\t\t\t<section class=\"elementor-section elementor-top-section elementor-element elementor-element-4c6e5b86 elementor-section-boxed elementor-section-height-default elementor-section-height-default\" data-id=\"4c6e5b86\" data-element_type=\"section\">\n\t\t\t\t\t\t<div class=\"elementor-container elementor-column-gap-default\">\n\t\t\t\t\t<div class=\"elementor-column elementor-col-100 elementor-top-column elementor-element elementor-element-69a53de3\" data-id=\"69a53de3\" data-element_type=\"column\">\n\t\t\t<div class=\"elementor-widget-wrap elementor-element-populated\">\n\t\t\t\t\t\t<div class=\"elementor-element elementor-element-792ab5ab elementor-widget elementor-widget-text-editor\" data-id=\"792ab5ab\" data-element_type=\"widget\" data-widget_type=\"text-editor.default\">\n\t\t\t\t<div class=\"elementor-widget-container\">\n\t\t\t\t\t\t\t\t\t<p>PRODUCTOS<\/p>\t\t\t\t\t\t\t\t<\/div>\n\t\t\t\t<\/div>\n\t\t\t\t<div class=\"elementor-element elementor-element-66c55dc4 elementor-widget elementor-widget-text-editor\" data-id=\"66c55dc4\" data-element_type=\"widget\" data-widget_type=\"text-editor.default\">\n\t\t\t\t<div class=\"elementor-widget-container\">\n\t\t\t\t\t\t\t\t\t<p><span style=\"color: #000000;\"><span style=\"vertical-align: inherit;\"><span style=\"vertical-align: inherit;\">Te ayudamos a <\/span><span style=\"color: #eb2b8e;\"><strong><span style=\"vertical-align: inherit;\"><span style=\"vertical-align: inherit;\">reclamar<\/span><\/span><\/strong><\/span><\/span><\/span><\/p>\t\t\t\t\t\t\t\t<\/div>\n\t\t\t\t<\/div>\n\t\t\t\t<div class=\"elementor-element elementor-element-5cf7817c elementor-widget elementor-widget-text-editor\" data-id=\"5cf7817c\" data-element_type=\"widget\" data-widget_type=\"text-editor.default\">\n\t\t\t\t<div class=\"elementor-widget-container\">\n\t\t\t\t\t\t\t\t\t<p>\u00bfC\u00f3mo puedo reclamar? \u00bfCu\u00e1nto puedo recuperar? \u00bfQu\u00e9 probabilidades de \u00e9xito tengo?\u00a0<br \/>En ASUFIN podemos recuperar tu dinero \u00a1Elige tu caso y comienza tu reclamaci\u00f3n!<\/p>\t\t\t\t\t\t\t\t<\/div>\n\t\t\t\t<\/div>\n\t\t\t\t\t<\/div>\n\t\t<\/div>\n\t\t\t\t\t<\/div>\n\t\t<\/section>\n\t\t\t\t<section class=\"elementor-section elementor-top-section elementor-element elementor-element-291c880f elementor-reverse-tablet elementor-section-boxed elementor-section-height-default elementor-section-height-default\" data-id=\"291c880f\" data-element_type=\"section\">\n\t\t\t\t\t\t<div class=\"elementor-container elementor-column-gap-default\">\n\t\t\t\t\t<div class=\"elementor-column elementor-col-100 elementor-top-column elementor-element elementor-element-27d8b77d\" data-id=\"27d8b77d\" data-element_type=\"column\">\n\t\t\t<div class=\"elementor-widget-wrap elementor-element-populated\">\n\t\t\t\t\t\t<div class=\"elementor-element elementor-element-628289bc elementor-tabs-view-horizontal elementor-widget elementor-widget-tp-tabs-tours\" data-id=\"628289bc\" data-element_type=\"widget\" data-widget_type=\"tp-tabs-tours.default\">\n\t\t\t\t<div class=\"elementor-widget-container\">\n\t\t\t\t\t<div class=\"theplus-tabs-wrapper elementor-tabs  \" id=\"tabs69f70ad247c30\" data-tabs-id=\"tabs69f70ad247c30\"   data-tab-default=\"0\" data-tab-hover=\"no\"  role=\"tablist\"><div class=\"theplus-tabs-nav-wrapper elementor-tabs-wrapper text-left  \"><ul class=\"plus-tabs-nav\"><li><div id=\"elementor-tab-title-1651\" class=\"elementor-tab-title elementor-tab-desktop-title plus-tab-header\" data-tab=\"1\" tabindex=\"1651\" role=\"tab\" aria-controls=\"elementor-tab-content-1651\"><span>TODOS<\/span><\/div><\/li><li><div id=\"elementor-tab-title-1652\" class=\"elementor-tab-title elementor-tab-desktop-title plus-tab-header\" data-tab=\"2\" tabindex=\"1652\" role=\"tab\" aria-controls=\"elementor-tab-content-1652\"><span>COMISIONES BANCARIAS<\/span><\/div><\/li><li><div id=\"elementor-tab-title-1653\" class=\"elementor-tab-title elementor-tab-desktop-title plus-tab-header\" data-tab=\"3\" tabindex=\"1653\" role=\"tab\" aria-controls=\"elementor-tab-content-1653\"><span>FRANQUICIAS<\/span><\/div><\/li><li><div id=\"elementor-tab-title-1654\" class=\"elementor-tab-title elementor-tab-desktop-title plus-tab-header\" data-tab=\"4\" tabindex=\"1654\" role=\"tab\" aria-controls=\"elementor-tab-content-1654\"><span>INVERSI\u00d3N<\/span><\/div><\/li><li><div id=\"elementor-tab-title-1655\" class=\"elementor-tab-title elementor-tab-desktop-title plus-tab-header\" data-tab=\"5\" tabindex=\"1655\" role=\"tab\" aria-controls=\"elementor-tab-content-1655\"><span>SOBREENDEUDAMIENTO<\/span><\/div><\/li><li><div id=\"elementor-tab-title-1656\" class=\"elementor-tab-title elementor-tab-desktop-title plus-tab-header\" data-tab=\"6\" tabindex=\"1656\" role=\"tab\" aria-controls=\"elementor-tab-content-1656\"><span>TRANSPORTE<\/span><\/div><\/li><li><div id=\"elementor-tab-title-1657\" class=\"elementor-tab-title elementor-tab-desktop-title plus-tab-header\" data-tab=\"7\" tabindex=\"1657\" role=\"tab\" aria-controls=\"elementor-tab-content-1657\"><span>VIVIENDA<\/span><\/div><\/li><\/ul><\/div><div class=\"theplus-tabs-content-wrapper elementor-tabs-content-wrapper \"><div class=\"elementor-tab-title elementor-tab-mobile-title  text-left\" tabindex=\"1651\" data-tab=\"1\" role=\"tab\"><span>TODOS<\/span><\/div><div id=\"elementor-tab-content-1657\" class=\"elementor-tab-content elementor-clearfix plus-tab-content\" data-tab=\"1\" role=\"tabpanel\" aria-labelledby=\"elementor-tab-title-1657\"><div class=\"plus-content-editor\"><p>[elementor-template id=&#8221;54752&#8243;]<\/p><\/div><\/div><div class=\"elementor-tab-title elementor-tab-mobile-title  text-left\" tabindex=\"1652\" data-tab=\"2\" role=\"tab\"><span>COMISIONES BANCARIAS<\/span><\/div><div id=\"elementor-tab-content-1657\" class=\"elementor-tab-content elementor-clearfix plus-tab-content\" data-tab=\"2\" role=\"tabpanel\" aria-labelledby=\"elementor-tab-title-1657\"><div class=\"plus-content-editor\"><p>[elementor-template id=&#8221;54755&#8243;]<\/p><\/div><\/div><div class=\"elementor-tab-title elementor-tab-mobile-title  text-left\" tabindex=\"1653\" data-tab=\"3\" role=\"tab\"><span>FRANQUICIAS<\/span><\/div><div id=\"elementor-tab-content-1657\" class=\"elementor-tab-content elementor-clearfix plus-tab-content\" data-tab=\"3\" role=\"tabpanel\" aria-labelledby=\"elementor-tab-title-1657\"><div class=\"plus-content-editor\"><p>[elementor-template id=&#8221;54758&#8243;]<\/p><\/div><\/div><div class=\"elementor-tab-title elementor-tab-mobile-title  text-left\" tabindex=\"1654\" data-tab=\"4\" role=\"tab\"><span>INVERSI\u00d3N<\/span><\/div><div id=\"elementor-tab-content-1657\" class=\"elementor-tab-content elementor-clearfix plus-tab-content\" data-tab=\"4\" role=\"tabpanel\" aria-labelledby=\"elementor-tab-title-1657\"><div class=\"plus-content-editor\"><p>[elementor-template id=&#8221;54764&#8243;]<\/p><\/div><\/div><div class=\"elementor-tab-title elementor-tab-mobile-title  text-left\" tabindex=\"1655\" data-tab=\"5\" role=\"tab\"><span>SOBREENDEUDAMIENTO<\/span><\/div><div id=\"elementor-tab-content-1657\" class=\"elementor-tab-content elementor-clearfix plus-tab-content\" data-tab=\"5\" role=\"tabpanel\" aria-labelledby=\"elementor-tab-title-1657\"><div class=\"plus-content-editor\"><p>[elementor-template id=&#8221;54766&#8243;]<\/p><\/div><\/div><div class=\"elementor-tab-title elementor-tab-mobile-title  text-left\" tabindex=\"1656\" data-tab=\"6\" role=\"tab\"><span>TRANSPORTE<\/span><\/div><div id=\"elementor-tab-content-1657\" class=\"elementor-tab-content elementor-clearfix plus-tab-content\" data-tab=\"6\" role=\"tabpanel\" aria-labelledby=\"elementor-tab-title-1657\"><div class=\"plus-content-editor\"><p>[elementor-template id=&#8221;54762&#8243;]<\/p><\/div><\/div><div class=\"elementor-tab-title elementor-tab-mobile-title  text-left\" tabindex=\"1657\" data-tab=\"7\" role=\"tab\"><span>VIVIENDA<\/span><\/div><div id=\"elementor-tab-content-1657\" class=\"elementor-tab-content elementor-clearfix plus-tab-content\" data-tab=\"7\" role=\"tabpanel\" aria-labelledby=\"elementor-tab-title-1657\"><div class=\"plus-content-editor\"><p>[elementor-template id=&#8221;54760&#8243;]<\/p><\/div><\/div><\/div><\/div>\t\t\t\t<\/div>\n\t\t\t\t<\/div>\n\t\t\t\t\t<\/div>\n\t\t<\/div>\n\t\t\t\t\t<\/div>\n\t\t<\/section>\n\t\t\t\t<section class=\"elementor-section elementor-top-section elementor-element elementor-element-2cb6a29 elementor-section-boxed elementor-section-height-default elementor-section-height-default\" data-id=\"2cb6a29\" data-element_type=\"section\">\n\t\t\t\t\t\t<div class=\"elementor-container elementor-column-gap-default\">\n\t\t\t\t\t<div class=\"elementor-column elementor-col-100 elementor-top-column elementor-element elementor-element-0be44a7\" data-id=\"0be44a7\" data-element_type=\"column\">\n\t\t\t<div class=\"elementor-widget-wrap elementor-element-populated\">\n\t\t\t\t\t\t<div class=\"elementor-element elementor-element-7d6f033e elementor-widget elementor-widget-text-editor\" data-id=\"7d6f033e\" data-element_type=\"widget\" data-widget_type=\"text-editor.default\">\n\t\t\t\t<div class=\"elementor-widget-container\">\n\t\t\t\t\t\t\t\t\t<p><span style=\"color: #eb2b8e;\"><strong>Reclamaciones:<\/strong><\/span><span style=\"color: #eb2b8e;\"><span style=\"color: #000000;\">\u00a0casos de \u00e9xito de nuestros socios<\/span><\/span><\/p>\t\t\t\t\t\t\t\t<\/div>\n\t\t\t\t<\/div>\n\t\t\t\t\t<\/div>\n\t\t<\/div>\n\t\t\t\t\t<\/div>\n\t\t<\/section>\n\t\t\t\t<section class=\"elementor-section elementor-top-section elementor-element elementor-element-af957ac elementor-section-boxed elementor-section-height-default elementor-section-height-default\" data-id=\"af957ac\" data-element_type=\"section\">\n\t\t\t\t\t\t<div class=\"elementor-container elementor-column-gap-default\">\n\t\t\t\t\t<div class=\"elementor-column elementor-col-100 elementor-top-column elementor-element elementor-element-711b740\" data-id=\"711b740\" data-element_type=\"column\">\n\t\t\t<div class=\"elementor-widget-wrap\">\n\t\t\t\t\t\t\t<\/div>\n\t\t<\/div>\n\t\t\t\t\t<\/div>\n\t\t<\/section>\n\t\t\t\t<section class=\"elementor-section elementor-top-section elementor-element elementor-element-1649819a elementor-section-boxed elementor-section-height-default elementor-section-height-default\" data-id=\"1649819a\" data-element_type=\"section\">\n\t\t\t\t\t\t<div class=\"elementor-container elementor-column-gap-default\">\n\t\t\t\t\t<div class=\"elementor-column elementor-col-100 elementor-top-column elementor-element elementor-element-58ea8303\" data-id=\"58ea8303\" data-element_type=\"column\">\n\t\t\t<div class=\"elementor-widget-wrap elementor-element-populated\">\n\t\t\t\t\t\t<div class=\"elementor-element elementor-element-1ff05af elementor-widget elementor-widget-text-editor\" data-id=\"1ff05af\" data-element_type=\"widget\" data-widget_type=\"text-editor.default\">\n\t\t\t\t<div class=\"elementor-widget-container\">\n\t\t\t\t\t\t\t\t\t<p><span style=\"color: #eb2b8e;\"><span style=\"color: #000000;\">Quiz\u00e1 <\/span><strong>te interese<\/strong><\/span><\/p>\t\t\t\t\t\t\t\t<\/div>\n\t\t\t\t<\/div>\n\t\t\t\t\t<\/div>\n\t\t<\/div>\n\t\t\t\t\t<\/div>\n\t\t<\/section>\n\t\t\t\t<section class=\"elementor-section elementor-top-section elementor-element elementor-element-8eb5032 elementor-section-boxed elementor-section-height-default elementor-section-height-default\" data-id=\"8eb5032\" data-element_type=\"section\">\n\t\t\t\t\t\t<div class=\"elementor-container elementor-column-gap-no\">\n\t\t\t\t\t<div class=\"elementor-column elementor-col-33 elementor-top-column elementor-element elementor-element-72a0d4e\" data-id=\"72a0d4e\" data-element_type=\"column\" data-settings=\"{&quot;background_background&quot;:&quot;classic&quot;}\">\n\t\t\t<div class=\"elementor-widget-wrap elementor-element-populated\">\n\t\t\t\t\t\t<div class=\"elementor-element elementor-element-a9f68af elementor-widget elementor-widget-text-editor\" data-id=\"a9f68af\" data-element_type=\"widget\" data-widget_type=\"text-editor.default\">\n\t\t\t\t<div class=\"elementor-widget-container\">\n\t\t\t\t\t\t\t\t\t<span style=\"color: #ffffff;\"><a style=\"color: #ffffff;\" href=\"https:\/\/staging.asufin.com\/staging\/consulta\/\">Consulta<\/a><\/span>\t\t\t\t\t\t\t\t<\/div>\n\t\t\t\t<\/div>\n\t\t\t\t<div class=\"elementor-element elementor-element-8c8060a elementor-widget elementor-widget-text-editor\" data-id=\"8c8060a\" data-element_type=\"widget\" data-widget_type=\"text-editor.default\">\n\t\t\t\t<div class=\"elementor-widget-container\">\n\t\t\t\t\t\t\t\t\t<p style=\"text-align: center;\">Consulta casos similares al tuyo en la mayor base de sentencias bancarias de Espa\u00f1a.<\/p>\t\t\t\t\t\t\t\t<\/div>\n\t\t\t\t<\/div>\n\t\t\t\t<div class=\"elementor-element elementor-element-853f374 elementor-align-center elementor-absolute elementor-widget elementor-widget-button\" data-id=\"853f374\" data-element_type=\"widget\" data-settings=\"{&quot;_position&quot;:&quot;absolute&quot;}\" data-widget_type=\"button.default\">\n\t\t\t\t<div class=\"elementor-widget-container\">\n\t\t\t\t\t\t\t\t\t<div class=\"elementor-button-wrapper\">\n\t\t\t\t\t<a class=\"elementor-button elementor-button-link elementor-size-md\" href=\"https:\/\/staging.asufin.com\/staging\/consulta\/\">\n\t\t\t\t\t\t<span class=\"elementor-button-content-wrapper\">\n\t\t\t\t\t\t\t\t\t<span class=\"elementor-button-text\">M\u00c1S INFO<\/span>\n\t\t\t\t\t<\/span>\n\t\t\t\t\t<\/a>\n\t\t\t\t<\/div>\n\t\t\t\t\t\t\t\t<\/div>\n\t\t\t\t<\/div>\n\t\t\t\t\t<\/div>\n\t\t<\/div>\n\t\t\t\t<div class=\"elementor-column elementor-col-33 elementor-top-column elementor-element elementor-element-1690d98\" data-id=\"1690d98\" data-element_type=\"column\" data-settings=\"{&quot;background_background&quot;:&quot;classic&quot;}\">\n\t\t\t<div class=\"elementor-widget-wrap elementor-element-populated\">\n\t\t\t\t\t\t<div class=\"elementor-element elementor-element-db5d0c7 elementor-widget elementor-widget-text-editor\" data-id=\"db5d0c7\" data-element_type=\"widget\" data-widget_type=\"text-editor.default\">\n\t\t\t\t<div class=\"elementor-widget-container\">\n\t\t\t\t\t\t\t\t\t<span style=\"color: #ffffff;\"><a style=\"color: #ffffff;\" href=\"https:\/\/staging.asufin.com\/staging\/aprende\/\">Aprende<\/a><\/span>\t\t\t\t\t\t\t\t<\/div>\n\t\t\t\t<\/div>\n\t\t\t\t<div class=\"elementor-element elementor-element-d1ab363 elementor-widget elementor-widget-text-editor\" data-id=\"d1ab363\" data-element_type=\"widget\" data-widget_type=\"text-editor.default\">\n\t\t\t\t<div class=\"elementor-widget-container\">\n\t\t\t\t\t\t\t\t\t<p style=\"text-align: center;\">Participa en nuestros webinars y cursos sobre salud financiera, y aprende a gestionar tus finanzas personales.<\/p>\t\t\t\t\t\t\t\t<\/div>\n\t\t\t\t<\/div>\n\t\t\t\t<div class=\"elementor-element elementor-element-a13f055 elementor-align-center elementor-absolute elementor-widget elementor-widget-button\" data-id=\"a13f055\" data-element_type=\"widget\" data-settings=\"{&quot;_position&quot;:&quot;absolute&quot;}\" data-widget_type=\"button.default\">\n\t\t\t\t<div class=\"elementor-widget-container\">\n\t\t\t\t\t\t\t\t\t<div class=\"elementor-button-wrapper\">\n\t\t\t\t\t<a class=\"elementor-button elementor-button-link elementor-size-md\" href=\"https:\/\/staging.asufin.com\/staging\/aprende\/\">\n\t\t\t\t\t\t<span class=\"elementor-button-content-wrapper\">\n\t\t\t\t\t\t\t\t\t<span class=\"elementor-button-text\">M\u00c1S INFO<\/span>\n\t\t\t\t\t<\/span>\n\t\t\t\t\t<\/a>\n\t\t\t\t<\/div>\n\t\t\t\t\t\t\t\t<\/div>\n\t\t\t\t<\/div>\n\t\t\t\t\t<\/div>\n\t\t<\/div>\n\t\t\t\t<div class=\"elementor-column elementor-col-33 elementor-top-column elementor-element elementor-element-f34fabc\" data-id=\"f34fabc\" data-element_type=\"column\" data-settings=\"{&quot;background_background&quot;:&quot;classic&quot;}\">\n\t\t\t<div class=\"elementor-widget-wrap elementor-element-populated\">\n\t\t\t\t\t\t<div class=\"elementor-element elementor-element-f030db2 elementor-widget elementor-widget-text-editor\" data-id=\"f030db2\" data-element_type=\"widget\" data-widget_type=\"text-editor.default\">\n\t\t\t\t<div class=\"elementor-widget-container\">\n\t\t\t\t\t\t\t\t\t<span style=\"color: #ffffff;\"><a style=\"color: #ffffff;\" href=\"https:\/\/staging.asufin.com\/staging\/medios\/\">Inf\u00f3rmate<\/a><\/span>\t\t\t\t\t\t\t\t<\/div>\n\t\t\t\t<\/div>\n\t\t\t\t<div class=\"elementor-element elementor-element-91ffe72 elementor-widget elementor-widget-text-editor\" data-id=\"91ffe72\" data-element_type=\"widget\" data-widget_type=\"text-editor.default\">\n\t\t\t\t<div class=\"elementor-widget-container\">\n\t\t\t\t\t\t\t\t\t<p style=\"text-align: center;\">S\u00e9 el primero en enterarte de las novedades y noticias del mundo de las finanzas.<\/p>\t\t\t\t\t\t\t\t<\/div>\n\t\t\t\t<\/div>\n\t\t\t\t<div class=\"elementor-element elementor-element-74307a2 elementor-align-center elementor-absolute elementor-widget elementor-widget-button\" data-id=\"74307a2\" data-element_type=\"widget\" data-settings=\"{&quot;_position&quot;:&quot;absolute&quot;}\" data-widget_type=\"button.default\">\n\t\t\t\t<div class=\"elementor-widget-container\">\n\t\t\t\t\t\t\t\t\t<div class=\"elementor-button-wrapper\">\n\t\t\t\t\t<a class=\"elementor-button elementor-button-link elementor-size-md\" href=\"https:\/\/staging.asufin.com\/staging\/medios\/\">\n\t\t\t\t\t\t<span class=\"elementor-button-content-wrapper\">\n\t\t\t\t\t\t\t\t\t<span class=\"elementor-button-text\">M\u00c1S INFO<\/span>\n\t\t\t\t\t<\/span>\n\t\t\t\t\t<\/a>\n\t\t\t\t<\/div>\n\t\t\t\t\t\t\t\t<\/div>\n\t\t\t\t<\/div>\n\t\t\t\t\t<\/div>\n\t\t<\/div>\n\t\t\t\t\t<\/div>\n\t\t<\/section>\n\t\t\t\t<\/div>\n\t\t","protected":false},"excerpt":{"rendered":"<p>Reclama PRODUCTOS Te ayudamos a reclamar \u00bfC\u00f3mo puedo reclamar? \u00bfCu\u00e1nto puedo recuperar? \u00bfQu\u00e9 probabilidades de \u00e9xito tengo?&nbsp; En ASUFIN podemos recuperar tu dinero \u00a1Elige tu caso y comienza tu reclamaci\u00f3n! TODOS COMISIONES BANCARIAS FRANQUICIAS INVERSI\u00d3N SOBREENDEUDAMIENTO TRANSPORTE VIVIENDA TODOS Aerol\u00edneas Autopistas C\u00e1rtel Coches CDAs de Triodos Chiringuito Financiero Cl\u00e1usula Suelo Cl\u00ednicas Dentales Comisiones Bancarias COVID-19: [&hellip;]<\/p>\n","protected":false},"author":2,"featured_media":0,"parent":0,"menu_order":0,"comment_status":"closed","ping_status":"closed","template":"","meta":{"_acf_changed":false,"footnotes":""},"categories":[],"class_list":["post-54714","page","type-page","status-publish","hentry"],"acf":[],"jetpack_shortlink":"https:\/\/wp.me\/PeayLa-eeu","jetpack_likes_enabled":false,"jetpack_sharing_enabled":true,"_links":{"self":[{"href":"https:\/\/staging.asufin.com\/staging\/wp-json\/wp\/v2\/pages\/54714","targetHints":{"allow":["GET"]}}],"collection":[{"href":"https:\/\/staging.asufin.com\/staging\/wp-json\/wp\/v2\/pages"}],"about":[{"href":"https:\/\/staging.asufin.com\/staging\/wp-json\/wp\/v2\/types\/page"}],"author":[{"embeddable":true,"href":"https:\/\/staging.asufin.com\/staging\/wp-json\/wp\/v2\/users\/2"}],"replies":[{"embeddable":true,"href":"https:\/\/staging.asufin.com\/staging\/wp-json\/wp\/v2\/comments?post=54714"}],"version-history":[{"count":113,"href":"https:\/\/staging.asufin.com\/staging\/wp-json\/wp\/v2\/pages\/54714\/revisions"}],"predecessor-version":[{"id":104495,"href":"https:\/\/staging.asufin.com\/staging\/wp-json\/wp\/v2\/pages\/54714\/revisions\/104495"}],"wp:attachment":[{"href":"https:\/\/staging.asufin.com\/staging\/wp-json\/wp\/v2\/media?parent=54714"}],"wp:term":[{"taxonomy":"category","embeddable":true,"href":"https:\/\/staging.asufin.com\/staging\/wp-json\/wp\/v2\/categories?post=54714"}],"curies":[{"name":"wp","href":"https:\/\/api.w.org\/{rel}","templated":true}]}}