{"id":58211,"date":"2021-01-12T16:21:32","date_gmt":"2021-01-12T15:21:32","guid":{"rendered":"https:\/\/www.asufin.com\/?page_id=58211"},"modified":"2022-06-01T20:47:08","modified_gmt":"2022-06-01T20:47:08","slug":"politica-de-privacidad","status":"publish","type":"page","link":"https:\/\/staging.asufin.com\/staging\/ca\/politica-de-privacidad\/","title":{"rendered":"Pol\u00edtica de privacidad"},"content":{"rendered":"\t\t<div data-elementor-type=\"wp-page\" data-elementor-id=\"58211\" class=\"elementor elementor-58211\">\n\t\t\t\t\t\t<section class=\"elementor-section elementor-top-section elementor-element elementor-element-a0be6c5 elementor-section-boxed elementor-section-height-default elementor-section-height-default\" data-id=\"a0be6c5\" data-element_type=\"section\" data-settings=\"{&quot;background_background&quot;:&quot;classic&quot;}\">\n\t\t\t\t\t\t<div class=\"elementor-container elementor-column-gap-default\">\n\t\t\t\t\t<div class=\"elementor-column elementor-col-100 elementor-top-column elementor-element elementor-element-1a74fea\" data-id=\"1a74fea\" data-element_type=\"column\">\n\t\t\t<div class=\"elementor-widget-wrap elementor-element-populated\">\n\t\t\t\t\t\t<div class=\"elementor-element elementor-element-71fd039 elementor-widget elementor-widget-heading\" data-id=\"71fd039\" data-element_type=\"widget\" data-widget_type=\"heading.default\">\n\t\t\t\t<div class=\"elementor-widget-container\">\n\t\t\t\t\t<h1 class=\"elementor-heading-title elementor-size-default\">Pol\u00edtica de Privacitat <\/h1>\t\t\t\t<\/div>\n\t\t\t\t<\/div>\n\t\t\t\t\t<\/div>\n\t\t<\/div>\n\t\t\t\t\t<\/div>\n\t\t<\/section>\n\t\t\t\t<section class=\"elementor-section elementor-top-section elementor-element elementor-element-d1522ad elementor-section-boxed elementor-section-height-default elementor-section-height-default\" data-id=\"d1522ad\" data-element_type=\"section\">\n\t\t\t\t\t\t<div class=\"elementor-container elementor-column-gap-default\">\n\t\t\t\t\t<div class=\"elementor-column elementor-col-100 elementor-top-column elementor-element elementor-element-39646e7e\" data-id=\"39646e7e\" data-element_type=\"column\">\n\t\t\t<div class=\"elementor-widget-wrap elementor-element-populated\">\n\t\t\t\t\t\t<div class=\"elementor-element elementor-element-789bef47 elementor-widget elementor-widget-text-editor\" data-id=\"789bef47\" data-element_type=\"widget\" data-widget_type=\"text-editor.default\">\n\t\t\t\t<div class=\"elementor-widget-container\">\n\t\t\t\t\t\t\t\t\t<h4><strong>POL\u00cdTICA DE PRIVACITAT D&#8217;ASUFIN<\/strong><\/h4><p>Si est\u00e0s llegint aquest document vol dir que est\u00e0s interessat en l&#8217;activitat d&#8217;ASUFIN, b\u00e9 perqu\u00e8 vols donar-te d&#8217;alta com a soci, col\u00b7laborador o subscriptor, o b\u00e9 perqu\u00e8 vols contactar amb nosaltres per algun motiu. Ens agrada que t&#8217;hagis interessat per nosaltres i, per aix\u00f2, amb el mateix inter\u00e8s, volem informar-te de la nostra Pol\u00edtica de Privacitat actualitzada i explicar-te el que fem amb les dades personals que ens subministres, aix\u00ed com aquells que recaptem si navegues a trav\u00e9s de la nostra web.<\/p><h4>1.\u00a0 QUI SOM?<\/h4><p><strong>RESPONSABLE:<\/strong> Associaci\u00f3 d&#8217;Interessats Financers (d&#8217;ara endavant, \u201cASUFIN\u201d)<\/p><p><strong>DOMICILI:<\/strong> Plaza de las Cortes, 4 . 4d, CP: 28014, Madrid.<\/p><p><strong>N.I.F.:<\/strong> G85769743<\/p><p><strong>E-MAIL:<\/strong> <a href=\"mailto:info@asufin.com\">info@asufin.com<\/a><\/p><h4>2.\u00a0 INFORMACI\u00d3 I CONSENTIMENT<\/h4><p>De conformitat amb el que es disposa en la Reglament UE 679\/2016 de Protecci\u00f3 de Dades (d&#8217;ara endavant, \u201cRGPD\u201d), mitjan\u00e7ant l&#8217;acceptaci\u00f3 de la present Pol\u00edtica de Privacitat l&#8217;interessat (d&#8217;ara endavant, el \u201cInteressat\u201d) PRESTA EL SEU CONSENTIMENT informat, expr\u00e9s, lliure i inequ\u00edvoc per a tractar les dades personals recaptades a trav\u00e9s dels seg\u00fcents mitjans:<\/p><ul><li>El Lloc web <a href=\"https:\/\/asufin.com\" target=\"_blank\" rel=\"noopener\">https:\/\/asufin.com<\/a>, (d&#8217;ara endavant, el \u201cLloc web\u201d), ja sigui a trav\u00e9s de formularis d&#8217;alta o assist\u00e8ncia a reunions, o enviant un correu a l&#8217;adre\u00e7a de contacte<\/li><li>Un formulari d&#8217;alta o assist\u00e8ncia en un format diferent al del Lloc web<\/li><li>Les xarxes socials<\/li><li>Events organitzats per ASUFIN<\/li><\/ul><p>Aix\u00ed mateix l&#8217;Interessat consent que aquestes dades siguin tractades per\u00a0ASUFIN\u00a0per a prestar els seus serveis aplicant les mesures organitzatives i de seguretat requerides pel\u00a0RGPD.<\/p><p>Totes les dades personals sol\u00b7licitats a l&#8217;Interessat en el Lloc web i en els formularis d&#8217;alta s\u00f3n obligatoris, no sent possible l&#8217;alta a ASUFIN si no es faciliten aquestes dades. Aix\u00f2 no obstant, la navegaci\u00f3 en el Lloc web \u00e9s lliure i gratu\u00efta.<\/p><p>Aix\u00ed mateix, quan les dades personals siguin recaptats a trav\u00e9s d&#8217;<strong>altres formularis<\/strong> que es puguin habilitar en el Lloc web amb motiu del desenvolupament de la seva activitat, ser\u00e0 necessari que la Interessada aportaci\u00f3, almenys, aquells marcats amb un asterisc ja que, si no se subministressin aquestes dades considerades necess\u00e0ries, no podrem prestar el servei a l&#8217;Interessat a trav\u00e9s del Lloc web.<\/p><p>L&#8217;Interessat garanteix que les dades personals facilitades a *ASUFIN s\u00f3n certs i exactes, amb el que *ASUFIN no es far\u00e0 responsable de qualsevol incid\u00e8ncia derivada de la inexactitud o falsedat de la informaci\u00f3 proporcionada pels Interessats. L&#8217;Interessat, com a \u00fanic responsable del tractament, ser\u00e0 responsable de complir amb tota la normativa de protecci\u00f3 de dades aplicable. A m\u00e9s, l&#8217;Interessat accepta obtenir tots els consentiments, autoritzacions i\/o aprovacions legalment necess\u00e0ries abans d&#8217;incloure dades personals en el Lloc web, formularis o xarxes socials pertinents.<\/p><p>*ASUFIN no pot garantir l&#8217;absoluta invulnerabilitat dels sistemes, per tant, no assumeix cap responsabilitat pels danys i perjudicis derivats d&#8217;alteracions que tercers puguin causar en els sistemes inform\u00e0tics, documents electr\u00f2nics o fitxers.<\/p><h4>3.\u00a0 FINALITAT DEL TRACTAMENT<\/h4><p>Les dades personals de l&#8217;Interessat o de tercers que siguin cedits per l&#8217;Interessat seran tractats per *ASUFIN <strong>\u00fanicament<\/strong> per a les seg\u00fcents finalitats:<\/p><ul><li>Gestionar i tramitar les altes d&#8217;Interessats.<\/li><li>Dur a terme les funcionalitats del Lloc web o xarxes socials respectives.<\/li><li>Remetre peri\u00f2dicament\u00a0newsletters, promocions i not\u00edcies relacionades amb el nostre Lloc web, sempre que l&#8217;Interessat hauria prestat el seu consentiment expr\u00e9s a aquest efecte.<\/li><li>Gestionar els tr\u00e0mits necessaris per al compliment de la relaci\u00f3 existent entre\u00a0ASUFIN\u00a0i els seus associats o col\u00b7laboradors.<\/li><li>Atendre les sol\u00b7licituds d&#8217;informaci\u00f3 en el cas de dades recaptades a trav\u00e9s del correu electr\u00f2nic de contacte.<\/li><li>Donar compliment a les obligacions legalment establertes.<\/li><\/ul><p><strong>En cap cas<\/strong> realitzarem alguna de les seg\u00fcents activitats:<\/p><ul><li>Cedir les dades a altres persones o entitats, sense el consentiment previ dels Interessats.<\/li><\/ul><ul><li>Transferir-los a altres Estats, sense el consentiment previ dels Interessats.<\/li><\/ul><p>Aix\u00f2 no obstant, *ASUFIN podr\u00e0 permetre l&#8217;acc\u00e9s a les dades personals de l&#8217;Interessats quan aix\u00f2 sigui necessari per a la prestaci\u00f3 dels seus serveis, subscrivint en tals casos un acord d&#8217;encarregat de tractament amb aquests prove\u00efdors. Aquests acords en tot cas indicaran que l&#8217;encarregat actuar\u00e0 per compte d&#8217;*ASUFIN, conforme a les finalitats d&#8217;aquesta i aplicant mesures de seguretat, aix\u00ed com mesures t\u00e8cniques i organitzatives adequades que, en cap cas, seran oferiran menys protecci\u00f3 que les aplicades per *ASUFIN..<\/p><h4>4.\u00a0 COMUNICACIONS<\/h4><p>En el cas que tractem les dades personals proporcionades per part dels Interessats per a remetre comunicacions electr\u00f2niques amb informaci\u00f3 relativa a not\u00edcies rellevants per als Interessats, aquestes seran dirigides exclusivament a aquells usuaris que haguessin autoritzat pr\u00e8viament i de manera expressa la recepci\u00f3 d&#8217;aquestes, ja sigui en el moment del seu registre en el Lloc web o un altre suport, o amb posterioritat.<\/p><p>De conformitat amb el que s&#8217;estableix en la Llei 34\/2002, d&#8217;11 de juliol, de Serveis de la Societat de la Informaci\u00f3 i del Comer\u00e7 Electr\u00f2nic, en el cas que l&#8217;Interessat no desitgi rebre comunicacions per part del Titular, <strong>pot manifestar la seva negativa, enviant un email a la seg\u00fcent adre\u00e7a de correu electr\u00f2nic:<\/strong>\u00a0<a href=\"mailto:info@asufin.com\">info@asufin.com<\/a>.<\/p><h4>5.\u00a0 POL\u00cdTICA DE COOKIES<\/h4><p>De conformitat amb el que es disposa pel RGPD i la Llei 34\/2002, de Serveis de la Societat de la Informaci\u00f3, totes les dades de car\u00e0cter personal obtinguts mitjan\u00e7ant les cookies durant la utilitzaci\u00f3 del Lloc web, seran tractats de conformitat amb els disposat en la <a href=\"http:\/\/www.asufin.com\/aviso-legal\/\" target=\"_blank\" rel=\"noopener\"><u>Pol\u00edtica de Cookies<\/u><\/a>.<\/p><h4>6.\u00a0 EXERCICI DE DRETS<\/h4><p>De conformitat amb el que es disposa en el\u00a0RGPD, l&#8217;informem que pot exercir els seus drets de portabilitat, limitaci\u00f3 del tractament, acc\u00e9s, rectificaci\u00f3, cancel\u00b7laci\u00f3 i oposici\u00f3, sol\u00b7licitant-lo per escrit, adjuntant en tot cas una c\u00f2pia de document acreditatiu de la seva identitat i concretant el dret o drets que desitja exercir, directament a\u00a0ASUFIN\u00a0a trav\u00e9s del seg\u00fcent e-mail: <a href=\"mailto:info@asufin.com\">info@asufin.com<\/a>.<\/p><h4>7. ACCEPTACI\u00d3 DE LA POL\u00cdTICA DE PRIVACITAT<\/h4><p>L&#8217;Interessat <strong>RECONEIX I ACCEPTA HAVER LLEGIT I COMPR\u00c8S<\/strong> la present Pol\u00edtica de Privacitat el contingut de la qual constitueix la totalitat de l&#8217;acord entre l&#8217;Interessat i *ASUFIN respecte a l&#8217;\u00fas i tractament de la seva informaci\u00f3 personal. L&#8217;Interessat expressament accepta obligar-se en els termes de la present Pol\u00edtica de Privacitat, en tota la seva extensi\u00f3 i abast, sense exceptuar qualsevol de les seves disposicions.<\/p><p>*ASUFIN es reserva el dret d&#8217;actualitzar i fer canvis en la Pol\u00edtica de Privacitat fins i tot sense mediar notificaci\u00f3 pr\u00e8via a l&#8217;Interessat. Tals modificacions hauran de fer-se efectives en el moment de la seva publicaci\u00f3 en el Lloc web, on estaran disponible per a l&#8217;Interessat en tot moment. En aquest sentit, recomanem a l&#8217;Interessat consultar regularment el contingut de la Pol\u00edtica de Privacitat per a estar al corrent de qualsevol modificaci\u00f3 que afecti el processament de dades dins del Lloc web.<\/p><p><strong>Si no ets soci de *ASUFIN<\/strong>, t&#8217;informem que en registrar-te en la *newsletter est\u00e0s acceptant ser <strong>soci simpatitzant.\u00a0<\/strong><\/p><p>Darrera actualitzaci\u00f3: 02 de maig de 2018.<\/p><p><strong>\u00a9 <\/strong>ASUFIN. T<strong>ots els drets reservats.<\/strong><\/p>\t\t\t\t\t\t\t\t<\/div>\n\t\t\t\t<\/div>\n\t\t\t\t\t<\/div>\n\t\t<\/div>\n\t\t\t\t\t<\/div>\n\t\t<\/section>\n\t\t\t\t<\/div>\n\t\t","protected":false},"excerpt":{"rendered":"<p>Pol\u00edtica de Privacitat POL\u00cdTICA DE PRIVACITAT D&#8217;ASUFIN Si est\u00e0s llegint aquest document vol dir que est\u00e0s interessat en l&#8217;activitat d&#8217;ASUFIN, b\u00e9 perqu\u00e8 vols donar-te d&#8217;alta com a soci, col\u00b7laborador o subscriptor, o b\u00e9 perqu\u00e8 vols contactar amb nosaltres per algun motiu. Ens agrada que t&#8217;hagis interessat per nosaltres i, per aix\u00f2, amb el mateix inter\u00e8s, [&hellip;]<\/p>\n","protected":false},"author":279,"featured_media":0,"parent":0,"menu_order":10,"comment_status":"closed","ping_status":"closed","template":"","meta":{"_acf_changed":false,"footnotes":""},"categories":[],"class_list":["post-58211","page","type-page","status-publish","hentry"],"acf":[],"jetpack_shortlink":"https:\/\/wp.me\/PeayLa-f8T","jetpack_likes_enabled":false,"jetpack_sharing_enabled":true,"_links":{"self":[{"href":"https:\/\/staging.asufin.com\/staging\/wp-json\/wp\/v2\/pages\/58211","targetHints":{"allow":["GET"]}}],"collection":[{"href":"https:\/\/staging.asufin.com\/staging\/wp-json\/wp\/v2\/pages"}],"about":[{"href":"https:\/\/staging.asufin.com\/staging\/wp-json\/wp\/v2\/types\/page"}],"author":[{"embeddable":true,"href":"https:\/\/staging.asufin.com\/staging\/wp-json\/wp\/v2\/users\/279"}],"replies":[{"embeddable":true,"href":"https:\/\/staging.asufin.com\/staging\/wp-json\/wp\/v2\/comments?post=58211"}],"version-history":[{"count":10,"href":"https:\/\/staging.asufin.com\/staging\/wp-json\/wp\/v2\/pages\/58211\/revisions"}],"predecessor-version":[{"id":101767,"href":"https:\/\/staging.asufin.com\/staging\/wp-json\/wp\/v2\/pages\/58211\/revisions\/101767"}],"wp:attachment":[{"href":"https:\/\/staging.asufin.com\/staging\/wp-json\/wp\/v2\/media?parent=58211"}],"wp:term":[{"taxonomy":"category","embeddable":true,"href":"https:\/\/staging.asufin.com\/staging\/wp-json\/wp\/v2\/categories?post=58211"}],"curies":[{"name":"wp","href":"https:\/\/api.w.org\/{rel}","templated":true}]}}